{"id":101,"date":"2020-01-30T15:05:27","date_gmt":"2020-01-30T15:05:27","guid":{"rendered":"http:\/\/orderwisly.pl\/?page_id=101"},"modified":"2020-02-03T11:11:07","modified_gmt":"2020-02-03T11:11:07","slug":"prasa","status":"publish","type":"page","link":"https:\/\/orderwisly.pl\/?page_id=101","title":{"rendered":"Mistrz Szkutnictwa Tradycyjnego"},"content":{"rendered":"\n<p style=\"text-align:center\">Regulamin II edycji plebiscytu <br>\no tytu\u0142 <br>\nMistrza Szkutnictwa Tradycyjnego<\/p>\n\n\n\n<ol class=\"wp-block-list\"><li>Mistrz Szkutnictwa Tradycyjnego to nagroda honorowa, kt\u00f3ra po raz pierwszy zosta\u0142a wr\u0119czona w 2019 r. w Sandomierzu, na Gali Orderu Rzeki Wis\u0142y. W 2020 roku nagroda b\u0119dzie przyznawana po raz drugi, w wyniku g\u0142osowania w\u015br\u00f3d armator\u00f3w, szkutnik\u00f3w, szypr\u00f3w i os\u00f3b zas\u0142u\u017conych:<\/li><\/ol>\n\n\n\n<ul class=\"wp-block-list\"><li> A. Armatora - kt\u00f3ry jest w\u0142a\u015bcicielem lub wsp\u00f3\u0142w\u0142a\u015bcicielem jednostki tradycyjnej. Posiadanie jednostki przez ma\u0142\u017ce\u0144stwo b\u0105d\u017a partner\u00f3w daje mo\u017cliwo\u015b\u0107 przyznania nagrody ka\u017cdemu, kto jest wsp\u00f3\u0142w\u0142a\u015bcicielem. To tak\u017ce osoba, kt\u00f3ra stale (ponad 3 lata) reprezentuje w\u0142a\u015bcicieli instytucjonalnych w wykonywaniu obowi\u0105zk\u00f3w armatora, wobec co najmniej jednej jednostki.<\/li><\/ul>\n\n\n\n<ul class=\"wp-block-list\"><li> B. Szypra - kt\u00f3ry prowadzi\u0142 w rejsie jednostk\u0119 tradycyjn\u0105 przynajmniej przez trzy sezony.<\/li><\/ul>\n\n\n\n<ul class=\"wp-block-list\"><li> C. Szkutnika - kt\u00f3ry zbudowa\u0142 b\u0105d\u017a bra\u0142 udzia\u0142 w budowie przynajmniej trzech drewnianych jednostek. <\/li><\/ul>\n\n\n\n<ul class=\"wp-block-list\"><li>D. Osoba zas\u0142u\u017cona  kt\u00f3ra od minimum trzech lat: odby\u0142a flisy d\u0142ugodystansowe powy\u017cej 300km lub w swoim miejscu dzia\u0142ania organizuje przyjazny klimat i warunki dla flisaczych przedsi\u0119wzi\u0119\u0107, wspiera instytucjonalnie wi\u015blane \u017ceglarstwo. Posiada dorobek naukowy i\/lub dziennikarski, w tym publikuj\u0105ca artyku\u0142y lub ksi\u0105\u017cki w mediach propaguj\u0105ca \u201edrewno na wodzie\u201d, <\/li><\/ul>\n\n\n\n<p>2. Do g\u0142osowania w plebiscycie upowa\u017cnione s\u0105 osoby spe\u0142niaj\u0105ce wy\u017cej wymienione warunki, zaakceptowane przez komisj\u0119 skrutacyjn\u0105 <\/p>\n\n\n\n<p>3. Do nagrody w roku 2020 zg\u0142oszono nast\u0119puj\u0105ce osoby:<\/p>\n\n\n\n<p> Adam Pokora , Arkadiusz Drulis, Dominik Wichman, Mateusz Tabaka, Stanis\u0142aw Nakoneczny, Tomasz Pity\u0144ski, Tomasz Szcz\u0119sny.<\/p>\n\n\n\n<p>4. Komisj\u0119 skrutacyjn\u0105 tworz\u0105: Anna Banasiak, Mariia Dryhub, Miros\u0142aw Czerny i Andrzej Sta\u0144ski.<\/p>\n\n\n\n<p>5. G\u0142osowa\u0107 mo\u017cna mailowo na adres dryhub3268@gmail.com i sms  na numer 739059832 w terminie od 01.02.2020 godz 10.00  do 14.02.2020r. godz 24.00.<\/p>\n\n\n\n<p>6. Og\u0142oszenie wynik\u00f3w i wr\u0119czenie nagrody nast\u0105pi w trakcie kolejnej Gali Wi\u015blanej w Sandomierzu, w dniu 29.02.2020r.<\/p>\n\n\n\n<p>7. Regulamin trzeciej edycji konkursu opracowany zostanie w oparciu o wnioski z dotychczasowych edycji i propozycji g\u0142osuj\u0105cych.<\/p>\n","protected":false},"excerpt":{"rendered":"<p>Regulamin II edycji plebiscytu o tytu\u0142 Mistrza Szkutnictwa Tradycyjnego Mistrz Szkutnictwa Tradycyjnego to nagroda honorowa, kt\u00f3ra po raz pierwszy zosta\u0142a wr\u0119czona w 2019 r. w Sandomierzu, na Gali Orderu Rzeki Wis\u0142y. W 2020 roku nagroda b\u0119dzie przyznawana po raz drugi, w wyniku g\u0142osowania w\u015br\u00f3d armator\u00f3w, szkutnik\u00f3w, szypr\u00f3w i os\u00f3b zas\u0142u\u017conych: A. Armatora - kt\u00f3ry jest <a href=\"https:\/\/orderwisly.pl\/?page_id=101\" class=\"more-link\">Czytaj dalej...<span class=\"screen-reader-text\"> \"Mistrz Szkutnictwa Tradycyjnego\"<\/span><\/a><\/p>\n","protected":false},"author":1,"featured_media":0,"parent":0,"menu_order":0,"comment_status":"closed","ping_status":"closed","template":"","meta":{"footnotes":""},"class_list":["post-101","page","type-page","status-publish","h-entry","hentry","h-as-page"],"_links":{"self":[{"href":"https:\/\/orderwisly.pl\/index.php?rest_route=\/wp\/v2\/pages\/101","targetHints":{"allow":["GET"]}}],"collection":[{"href":"https:\/\/orderwisly.pl\/index.php?rest_route=\/wp\/v2\/pages"}],"about":[{"href":"https:\/\/orderwisly.pl\/index.php?rest_route=\/wp\/v2\/types\/page"}],"author":[{"embeddable":true,"href":"https:\/\/orderwisly.pl\/index.php?rest_route=\/wp\/v2\/users\/1"}],"replies":[{"embeddable":true,"href":"https:\/\/orderwisly.pl\/index.php?rest_route=%2Fwp%2Fv2%2Fcomments&post=101"}],"version-history":[{"count":7,"href":"https:\/\/orderwisly.pl\/index.php?rest_route=\/wp\/v2\/pages\/101\/revisions"}],"predecessor-version":[{"id":186,"href":"https:\/\/orderwisly.pl\/index.php?rest_route=\/wp\/v2\/pages\/101\/revisions\/186"}],"wp:attachment":[{"href":"https:\/\/orderwisly.pl\/index.php?rest_route=%2Fwp%2Fv2%2Fmedia&parent=101"}],"curies":[{"name":"wp","href":"https:\/\/api.w.org\/{rel}","templated":true}]}}