{"id":259,"date":"2022-02-05T12:14:42","date_gmt":"2022-02-05T12:14:42","guid":{"rendered":"https:\/\/orderwisly.pl\/?page_id=259"},"modified":"2024-12-08T10:06:08","modified_gmt":"2024-12-08T10:06:08","slug":"order","status":"publish","type":"page","link":"https:\/\/orderwisly.pl\/?page_id=259","title":{"rendered":"Order"},"content":{"rendered":"\n<p>Order Rzeki Wis\u0142y \u2013 honorowe odznaczenie dla osoby najbardziej zas\u0142u\u017conej dla odtwarzania, rozwoju i popularyzacji tradycji flisackich i szkutniczych w Polsce \u2013 wr\u0119czony po raz pierwszy 24 lutego 2018 roku w Sali Rycerskiej Zamku Kr\u00f3lewskiego w Sandomierzu. Uhonorowany nim zosta\u0142 Zbigniew G\u0105sowski, za\u0142o\u017cyciel i wieloletni prezes Stowarzyszenia \u201eLoara-Wis\u0142a\u201d.<\/p>\n\n\n<div class=\"wp-block-image\">\n<figure class=\"aligncenter size-full\"><a href=\"https:\/\/orderwisly.pl\/wp-content\/uploads\/2022\/02\/order-rzw.jpeg\"><img loading=\"lazy\" decoding=\"async\" width=\"300\" height=\"357\" src=\"https:\/\/orderwisly.pl\/wp-content\/uploads\/2022\/02\/order-rzw.jpeg\" alt=\"\" class=\"wp-image-261\" srcset=\"https:\/\/orderwisly.pl\/wp-content\/uploads\/2022\/02\/order-rzw.jpeg 300w, https:\/\/orderwisly.pl\/wp-content\/uploads\/2022\/02\/order-rzw-252x300.jpeg 252w\" sizes=\"auto, (max-width: 300px) 100vw, 300px\" \/><\/a><figcaption class=\"wp-element-caption\">Order Rzeki Wis\u0142y <br>Projekt i wykonanie: Hanna Czarny, artysta plastyk, Krak\u00f3w. <br>Materia\u0142: srebro 0,925 z\u0142ocone, bursztyn. <br>W komplecie wpinka - miniatura Orderu.<\/figcaption><\/figure>\n<\/div>","protected":false},"excerpt":{"rendered":"<p>Order Rzeki Wis\u0142y \u2013 honorowe odznaczenie dla osoby najbardziej zas\u0142u\u017conej dla odtwarzania, rozwoju i popularyzacji tradycji flisackich i szkutniczych w Polsce \u2013 wr\u0119czony po raz pierwszy 24 lutego 2018 roku w Sali Rycerskiej Zamku Kr\u00f3lewskiego w Sandomierzu. Uhonorowany nim zosta\u0142 Zbigniew G\u0105sowski, za\u0142o\u017cyciel i wieloletni prezes Stowarzyszenia \u201eLoara-Wis\u0142a\u201d.<\/p>\n","protected":false},"author":1,"featured_media":0,"parent":0,"menu_order":0,"comment_status":"closed","ping_status":"closed","template":"","meta":{"footnotes":""},"class_list":["post-259","page","type-page","status-publish","h-entry","hentry","h-as-page"],"_links":{"self":[{"href":"https:\/\/orderwisly.pl\/index.php?rest_route=\/wp\/v2\/pages\/259","targetHints":{"allow":["GET"]}}],"collection":[{"href":"https:\/\/orderwisly.pl\/index.php?rest_route=\/wp\/v2\/pages"}],"about":[{"href":"https:\/\/orderwisly.pl\/index.php?rest_route=\/wp\/v2\/types\/page"}],"author":[{"embeddable":true,"href":"https:\/\/orderwisly.pl\/index.php?rest_route=\/wp\/v2\/users\/1"}],"replies":[{"embeddable":true,"href":"https:\/\/orderwisly.pl\/index.php?rest_route=%2Fwp%2Fv2%2Fcomments&post=259"}],"version-history":[{"count":5,"href":"https:\/\/orderwisly.pl\/index.php?rest_route=\/wp\/v2\/pages\/259\/revisions"}],"predecessor-version":[{"id":680,"href":"https:\/\/orderwisly.pl\/index.php?rest_route=\/wp\/v2\/pages\/259\/revisions\/680"}],"wp:attachment":[{"href":"https:\/\/orderwisly.pl\/index.php?rest_route=%2Fwp%2Fv2%2Fmedia&parent=259"}],"curies":[{"name":"wp","href":"https:\/\/api.w.org\/{rel}","templated":true}]}}