{"id":274,"date":"2022-11-15T10:57:45","date_gmt":"2022-11-15T10:57:45","guid":{"rendered":"https:\/\/orderwisly.pl\/?page_id=274"},"modified":"2024-01-31T09:50:37","modified_gmt":"2024-01-31T09:50:37","slug":"v-gala-orderu-rzeki-wisly","status":"publish","type":"page","link":"https:\/\/orderwisly.pl\/?page_id=274","title":{"rendered":"Program V Gali"},"content":{"rendered":"\n<p class=\"has-text-align-center\">Program<br>V Gali Orderu Rzeki Wis\u0142y<br>Sandomierz 2023 r.<\/p>\n\n\n\n<p><\/p>\n\n\n\n<p><strong>Sobota 18 lutego<\/strong><\/p>\n\n\n\n<p>Godz. 14.00, Rynek Starego Miasta, miejsce przy Kotwicy \"Tajemnicy\"<br>\"Wi\u015blany przewodnik po Sandomierzu, vol. 1\" \u2013 zwiedzanie Sandomierza cz.1.<\/p>\n\n\n\n<p>Godz. 17:00, Ko\u015bci\u00f3\u0142 pw. Nawr\u00f3cenia \u015bw. Paw\u0142a Aposto\u0142a w Sandomierzu,<br>Msza \u015bw. w intencji Kawalera Orderu Rzeki Wis\u0142y Tomasza Szcz\u0119snego oraz flisak\u00f3w, wodniak\u00f3w i szkutnik\u00f3w.<\/p>\n\n\n\n<p>Godz. 18:00, Uroczysty przemarsz uczestnik\u00f3w Gali z ko\u015bcio\u0142a do Zamku. Spotkanie przy \"Dzwonie Flisackim\", ko\u015bci\u00f3\u0142 pw. \u015bw. Jakuba, klasztor oo. dominikan\u00f3w.<\/p>\n\n\n\n<p>Godz. 18:30,  Zamek Kr\u00f3lewski w Sandomierzu, Wernisa\u017c wystawy \"Wis\u0142a w obiektywie Janusza Kwiatkowskiego, nieznane fotografie.\"<\/p>\n\n\n\n<p>Godz. 19:00, Zamek Kr\u00f3lewski w Sandomierzu,<br>- Gala Orderu Rzeki Wis\u0142y, Uroczyste przekazanie orderu.<\/p>\n\n\n\n<p>Godz. 21:00, Piwnica W\u0119gra Lazarczyka, \"Flisackie bajania - mniej oficjalne spotkanie wodniak\u00f3w\"<\/p>\n\n\n\n<p><strong>Niedziela 19 lutego<\/strong><\/p>\n\n\n\n<p>Godz. 10:00 - 14.00, Sala wyk\u0142adowa w Hotelu Basztowym <br>\"Wi\u015blane Konteksty. Tradycja, nauka, przyroda, sztuka\",  blok prelekcji i panel. <\/p>\n\n\n\n<p>(<a rel=\"noreferrer noopener\" href=\"https:\/\/orderwisly.pl\/?page_id=431\" target=\"_blank\">Zobacz szczeg\u00f3\u0142y<\/a> - prelegenci, tematy wyst\u0105pie\u0144)<\/p>\n\n\n\n<p>Godz. 14.00, Rynek Starego Miasta, miejsce przy Kotwicy \"Tajemnicy\"<br>\"Wi\u015blany przewodnik po Sandomierzu, vol. 2\" \u2013 zwiedzanie Sandomierza cz.2.<\/p>\n\n\n\n<p><\/p>\n","protected":false},"excerpt":{"rendered":"<p>ProgramV Gali Orderu Rzeki Wis\u0142ySandomierz 2023 r. Sobota 18 lutego Godz. 14.00, Rynek Starego Miasta, miejsce przy Kotwicy \"Tajemnicy\"\"Wi\u015blany przewodnik po Sandomierzu, vol. 1\" \u2013 zwiedzanie Sandomierza cz.1. Godz. 17:00, Ko\u015bci\u00f3\u0142 pw. Nawr\u00f3cenia \u015bw. Paw\u0142a Aposto\u0142a w Sandomierzu,Msza \u015bw. w intencji Kawalera Orderu Rzeki Wis\u0142y Tomasza Szcz\u0119snego oraz flisak\u00f3w, wodniak\u00f3w i szkutnik\u00f3w. Godz. 18:00, Uroczysty <a href=\"https:\/\/orderwisly.pl\/?page_id=274\" class=\"more-link\">Czytaj dalej...<span class=\"screen-reader-text\"> \"Program V Gali\"<\/span><\/a><\/p>\n","protected":false},"author":1,"featured_media":96,"parent":0,"menu_order":0,"comment_status":"closed","ping_status":"closed","template":"","meta":{"footnotes":""},"class_list":["post-274","page","type-page","status-publish","has-post-thumbnail","h-entry","hentry","h-as-page"],"_links":{"self":[{"href":"https:\/\/orderwisly.pl\/index.php?rest_route=\/wp\/v2\/pages\/274","targetHints":{"allow":["GET"]}}],"collection":[{"href":"https:\/\/orderwisly.pl\/index.php?rest_route=\/wp\/v2\/pages"}],"about":[{"href":"https:\/\/orderwisly.pl\/index.php?rest_route=\/wp\/v2\/types\/page"}],"author":[{"embeddable":true,"href":"https:\/\/orderwisly.pl\/index.php?rest_route=\/wp\/v2\/users\/1"}],"replies":[{"embeddable":true,"href":"https:\/\/orderwisly.pl\/index.php?rest_route=%2Fwp%2Fv2%2Fcomments&post=274"}],"version-history":[{"count":16,"href":"https:\/\/orderwisly.pl\/index.php?rest_route=\/wp\/v2\/pages\/274\/revisions"}],"predecessor-version":[{"id":522,"href":"https:\/\/orderwisly.pl\/index.php?rest_route=\/wp\/v2\/pages\/274\/revisions\/522"}],"wp:featuredmedia":[{"embeddable":true,"href":"https:\/\/orderwisly.pl\/index.php?rest_route=\/wp\/v2\/media\/96"}],"wp:attachment":[{"href":"https:\/\/orderwisly.pl\/index.php?rest_route=%2Fwp%2Fv2%2Fmedia&parent=274"}],"curies":[{"name":"wp","href":"https:\/\/api.w.org\/{rel}","templated":true}]}}