{"id":305,"date":"2023-01-17T10:26:55","date_gmt":"2023-01-17T10:26:55","guid":{"rendered":"https:\/\/orderwisly.pl\/?page_id=305"},"modified":"2023-02-14T21:39:25","modified_gmt":"2023-02-14T21:39:25","slug":"partnerzy-v-gali","status":"publish","type":"page","link":"https:\/\/orderwisly.pl\/?page_id=305","title":{"rendered":"Partnerzy V Gali"},"content":{"rendered":"\n<h2 class=\"has-text-align-center has-small-font-size wp-block-heading\" style=\"font-style:italic;font-weight:300\">Szanowni Pa\u0144stwo,<br>Jeste\u015bmy dumni, \u017ce rokrocznie mo\u017cemy liczy\u0107 na Pa\u0144stwa wsparcie, \u017ce zawieramy nowe partnerstwa i razem realizujemy idee zwi\u0105zane z tradycj\u0105 Rzeki Wis\u0142y. Zapraszamy ka\u017cdego, kto chcia\u0142by pom\u00f3c w naszej oddolnej, apolitycznej inicjatywie nagradzania najbardziej zas\u0142u\u017conych w zakresie promocji tradycji wi\u015blanych, \u017ceglugi oraz szkutnictwa.<\/h2>\n\n\n\n<h2 class=\"has-text-align-center wp-block-heading\"> <strong>V Gala Orderu Rzeki Wis\u0142y<\/strong><br><strong> Sandomierz 2023<\/strong><\/h2>\n\n\n\n<div class=\"wp-block-group\"><div class=\"wp-block-group__inner-container is-layout-constrained wp-block-group-is-layout-constrained\">\n<div class=\"wp-block-group\"><div class=\"wp-block-group__inner-container is-layout-constrained wp-block-group-is-layout-constrained\">\n<p class=\"has-text-align-center has-medium-font-size\"><strong>Patronat honorowy<\/strong><br> <img loading=\"lazy\" decoding=\"async\" width=\"450\" height=\"116\" class=\"wp-image-306\" style=\"width: 450px;\" src=\"https:\/\/orderwisly.pl\/wp-content\/uploads\/2023\/01\/NMM-MUZEUM-WISLY-scaled.jpg\" alt=\"\" srcset=\"https:\/\/orderwisly.pl\/wp-content\/uploads\/2023\/01\/NMM-MUZEUM-WISLY-scaled.jpg 2560w, https:\/\/orderwisly.pl\/wp-content\/uploads\/2023\/01\/NMM-MUZEUM-WISLY-300x78.jpg 300w, https:\/\/orderwisly.pl\/wp-content\/uploads\/2023\/01\/NMM-MUZEUM-WISLY-1024x265.jpg 1024w, https:\/\/orderwisly.pl\/wp-content\/uploads\/2023\/01\/NMM-MUZEUM-WISLY-768x199.jpg 768w, https:\/\/orderwisly.pl\/wp-content\/uploads\/2023\/01\/NMM-MUZEUM-WISLY-1536x397.jpg 1536w, https:\/\/orderwisly.pl\/wp-content\/uploads\/2023\/01\/NMM-MUZEUM-WISLY-2048x529.jpg 2048w, https:\/\/orderwisly.pl\/wp-content\/uploads\/2023\/01\/NMM-MUZEUM-WISLY-960x248.jpg 960w\" sizes=\"auto, (max-width: 450px) 100vw, 450px\" \/><\/p>\n<\/div><\/div>\n\n\n\n<p class=\"has-text-align-center has-medium-font-size\"><strong>Fundator Orderu Rzeki Wis\u0142y:<\/strong><br><br><img loading=\"lazy\" decoding=\"async\" width=\"141\" height=\"82\" class=\"wp-image-398\" style=\"width: 141px;\" src=\"https:\/\/orderwisly.pl\/wp-content\/uploads\/2023\/02\/gmina-dwikozy-1.jpg\" alt=\"\" srcset=\"https:\/\/orderwisly.pl\/wp-content\/uploads\/2023\/02\/gmina-dwikozy-1.jpg 1773w, https:\/\/orderwisly.pl\/wp-content\/uploads\/2023\/02\/gmina-dwikozy-1-300x174.jpg 300w, https:\/\/orderwisly.pl\/wp-content\/uploads\/2023\/02\/gmina-dwikozy-1-1024x595.jpg 1024w, https:\/\/orderwisly.pl\/wp-content\/uploads\/2023\/02\/gmina-dwikozy-1-768x447.jpg 768w, https:\/\/orderwisly.pl\/wp-content\/uploads\/2023\/02\/gmina-dwikozy-1-1536x893.jpg 1536w, https:\/\/orderwisly.pl\/wp-content\/uploads\/2023\/02\/gmina-dwikozy-1-960x558.jpg 960w\" sizes=\"auto, (max-width: 141px) 100vw, 141px\" \/><\/p>\n\n\n\n<p class=\"has-text-align-center has-medium-font-size\"><strong>Partnerzy g\u0142\u00f3wni:<\/strong><br><br> <img loading=\"lazy\" decoding=\"async\" width=\"130\" height=\"51\" class=\"wp-image-404\" style=\"width: 130px;\" src=\"https:\/\/orderwisly.pl\/wp-content\/uploads\/2023\/02\/miasto-Sandomierz.jpg\" alt=\"\" srcset=\"https:\/\/orderwisly.pl\/wp-content\/uploads\/2023\/02\/miasto-Sandomierz.jpg 1773w, https:\/\/orderwisly.pl\/wp-content\/uploads\/2023\/02\/miasto-Sandomierz-300x117.jpg 300w, https:\/\/orderwisly.pl\/wp-content\/uploads\/2023\/02\/miasto-Sandomierz-1024x398.jpg 1024w, https:\/\/orderwisly.pl\/wp-content\/uploads\/2023\/02\/miasto-Sandomierz-768x298.jpg 768w, https:\/\/orderwisly.pl\/wp-content\/uploads\/2023\/02\/miasto-Sandomierz-1536x597.jpg 1536w, https:\/\/orderwisly.pl\/wp-content\/uploads\/2023\/02\/miasto-Sandomierz-960x373.jpg 960w\" sizes=\"auto, (max-width: 130px) 100vw, 130px\" \/>       <img loading=\"lazy\" decoding=\"async\" width=\"140\" height=\"52\" class=\"wp-image-405\" style=\"width: 140px;\" src=\"https:\/\/orderwisly.pl\/wp-content\/uploads\/2023\/02\/powiat-Sandomierski.jpg\" alt=\"\" srcset=\"https:\/\/orderwisly.pl\/wp-content\/uploads\/2023\/02\/powiat-Sandomierski.jpg 1891w, https:\/\/orderwisly.pl\/wp-content\/uploads\/2023\/02\/powiat-Sandomierski-300x110.jpg 300w, https:\/\/orderwisly.pl\/wp-content\/uploads\/2023\/02\/powiat-Sandomierski-1024x377.jpg 1024w, https:\/\/orderwisly.pl\/wp-content\/uploads\/2023\/02\/powiat-Sandomierski-768x283.jpg 768w, https:\/\/orderwisly.pl\/wp-content\/uploads\/2023\/02\/powiat-Sandomierski-1536x565.jpg 1536w, https:\/\/orderwisly.pl\/wp-content\/uploads\/2023\/02\/powiat-Sandomierski-960x353.jpg 960w\" sizes=\"auto, (max-width: 140px) 100vw, 140px\" \/>     <img loading=\"lazy\" decoding=\"async\" width=\"120\" height=\"48\" class=\"wp-image-406\" style=\"width: 120px;\" src=\"https:\/\/orderwisly.pl\/wp-content\/uploads\/2023\/02\/samborzec.jpg\" alt=\"\" srcset=\"https:\/\/orderwisly.pl\/wp-content\/uploads\/2023\/02\/samborzec.jpg 1726w, https:\/\/orderwisly.pl\/wp-content\/uploads\/2023\/02\/samborzec-300x120.jpg 300w, https:\/\/orderwisly.pl\/wp-content\/uploads\/2023\/02\/samborzec-1024x411.jpg 1024w, https:\/\/orderwisly.pl\/wp-content\/uploads\/2023\/02\/samborzec-768x308.jpg 768w, https:\/\/orderwisly.pl\/wp-content\/uploads\/2023\/02\/samborzec-1536x616.jpg 1536w, https:\/\/orderwisly.pl\/wp-content\/uploads\/2023\/02\/samborzec-960x385.jpg 960w\" sizes=\"auto, (max-width: 120px) 100vw, 120px\" \/>      <img loading=\"lazy\" decoding=\"async\" width=\"150\" height=\"45\" class=\"wp-image-408\" style=\"width: 150px;\" src=\"https:\/\/orderwisly.pl\/wp-content\/uploads\/2023\/02\/wojewodztwo-swietokrzyskie.jpg\" alt=\"\" srcset=\"https:\/\/orderwisly.pl\/wp-content\/uploads\/2023\/02\/wojewodztwo-swietokrzyskie.jpg 2273w, https:\/\/orderwisly.pl\/wp-content\/uploads\/2023\/02\/wojewodztwo-swietokrzyskie-300x91.jpg 300w, https:\/\/orderwisly.pl\/wp-content\/uploads\/2023\/02\/wojewodztwo-swietokrzyskie-1024x310.jpg 1024w, https:\/\/orderwisly.pl\/wp-content\/uploads\/2023\/02\/wojewodztwo-swietokrzyskie-768x233.jpg 768w, https:\/\/orderwisly.pl\/wp-content\/uploads\/2023\/02\/wojewodztwo-swietokrzyskie-1536x466.jpg 1536w, https:\/\/orderwisly.pl\/wp-content\/uploads\/2023\/02\/wojewodztwo-swietokrzyskie-2048x621.jpg 2048w, https:\/\/orderwisly.pl\/wp-content\/uploads\/2023\/02\/wojewodztwo-swietokrzyskie-960x291.jpg 960w\" sizes=\"auto, (max-width: 150px) 100vw, 150px\" \/><br>             <img loading=\"lazy\" decoding=\"async\" width=\"111\" height=\"71\" class=\"wp-image-417\" style=\"width: 111px;\" src=\"https:\/\/orderwisly.pl\/wp-content\/uploads\/2023\/02\/dom-wisly.jpg\" alt=\"\" srcset=\"https:\/\/orderwisly.pl\/wp-content\/uploads\/2023\/02\/dom-wisly.jpg 1261w, https:\/\/orderwisly.pl\/wp-content\/uploads\/2023\/02\/dom-wisly-300x192.jpg 300w, https:\/\/orderwisly.pl\/wp-content\/uploads\/2023\/02\/dom-wisly-1024x654.jpg 1024w, https:\/\/orderwisly.pl\/wp-content\/uploads\/2023\/02\/dom-wisly-768x490.jpg 768w, https:\/\/orderwisly.pl\/wp-content\/uploads\/2023\/02\/dom-wisly-960x613.jpg 960w\" sizes=\"auto, (max-width: 111px) 100vw, 111px\" \/>     <img loading=\"lazy\" decoding=\"async\" width=\"78\" height=\"78\" class=\"wp-image-420\" style=\"width: 78px;\" src=\"https:\/\/orderwisly.pl\/wp-content\/uploads\/2023\/02\/winiarze.jpg\" alt=\"\" srcset=\"https:\/\/orderwisly.pl\/wp-content\/uploads\/2023\/02\/winiarze.jpg 694w, https:\/\/orderwisly.pl\/wp-content\/uploads\/2023\/02\/winiarze-300x300.jpg 300w, https:\/\/orderwisly.pl\/wp-content\/uploads\/2023\/02\/winiarze-150x150.jpg 150w\" sizes=\"auto, (max-width: 78px) 100vw, 78px\" \/><\/p>\n<\/div><\/div>\n\n\n\n<p class=\"has-text-align-center has-medium-font-size\"><strong>Partnerzy wspieraj\u0105cy:<\/strong><br><\/p>\n\n\n\n<p class=\"has-text-align-center\"><img loading=\"lazy\" decoding=\"async\" width=\"150\" height=\"47\" class=\"wp-image-412\" style=\"width: 150px;\" src=\"https:\/\/orderwisly.pl\/wp-content\/uploads\/2023\/02\/prokop-scaled.jpg\" alt=\"\" srcset=\"https:\/\/orderwisly.pl\/wp-content\/uploads\/2023\/02\/prokop-scaled.jpg 2560w, https:\/\/orderwisly.pl\/wp-content\/uploads\/2023\/02\/prokop-300x94.jpg 300w, https:\/\/orderwisly.pl\/wp-content\/uploads\/2023\/02\/prokop-1024x319.jpg 1024w, https:\/\/orderwisly.pl\/wp-content\/uploads\/2023\/02\/prokop-768x239.jpg 768w, https:\/\/orderwisly.pl\/wp-content\/uploads\/2023\/02\/prokop-1536x479.jpg 1536w, https:\/\/orderwisly.pl\/wp-content\/uploads\/2023\/02\/prokop-2048x638.jpg 2048w, https:\/\/orderwisly.pl\/wp-content\/uploads\/2023\/02\/prokop-960x299.jpg 960w\" sizes=\"auto, (max-width: 150px) 100vw, 150px\" \/>     <img loading=\"lazy\" decoding=\"async\" width=\"100\" height=\"58\" class=\"wp-image-411\" style=\"width: 100px;\" src=\"https:\/\/orderwisly.pl\/wp-content\/uploads\/2023\/02\/korona.jpg\" alt=\"\" srcset=\"https:\/\/orderwisly.pl\/wp-content\/uploads\/2023\/02\/korona.jpg 2043w, https:\/\/orderwisly.pl\/wp-content\/uploads\/2023\/02\/korona-300x174.jpg 300w, https:\/\/orderwisly.pl\/wp-content\/uploads\/2023\/02\/korona-1024x594.jpg 1024w, https:\/\/orderwisly.pl\/wp-content\/uploads\/2023\/02\/korona-768x445.jpg 768w, https:\/\/orderwisly.pl\/wp-content\/uploads\/2023\/02\/korona-1536x891.jpg 1536w, https:\/\/orderwisly.pl\/wp-content\/uploads\/2023\/02\/korona-960x557.jpg 960w\" sizes=\"auto, (max-width: 100px) 100vw, 100px\" \/>     <img loading=\"lazy\" decoding=\"async\" width=\"90\" height=\"78\" class=\"wp-image-410\" style=\"width: 90px;\" src=\"https:\/\/orderwisly.pl\/wp-content\/uploads\/2023\/02\/cizemka.jpg\" alt=\"\" srcset=\"https:\/\/orderwisly.pl\/wp-content\/uploads\/2023\/02\/cizemka.jpg 815w, https:\/\/orderwisly.pl\/wp-content\/uploads\/2023\/02\/cizemka-300x260.jpg 300w, https:\/\/orderwisly.pl\/wp-content\/uploads\/2023\/02\/cizemka-768x665.jpg 768w\" sizes=\"auto, (max-width: 90px) 100vw, 90px\" \/><\/p>\n\n\n\n<p class=\"has-text-align-center has-small-font-size\">Chor\u0105giew Rycerstwa Ziemi Sandomierskiej, Parafia pw. Nawr\u00f3cenia \u015bw. Paw\u0142a Aposto\u0142a, Klasztor oo. Dominikan\u00f3w w Sandomierzu, Polski Zwi\u0105zek \u0141owiecki - Zarz\u0105d Okr\u0119gowy w Tarnobrzegu, Nadwi\u015bla\u0144ska Organizacja Turystyczna,  O\u015brodek Promowania i Wspierania Przedsi\u0119biorczo\u015bci Rolnej, Zamkowa Grupa Wokalna SAN-do-MIR, F.H.U. \u201eJAP\u201d<\/p>\n\n\n\n<p class=\"has-text-align-center\"><\/p>\n\n\n\n<p class=\"has-text-align-center has-medium-font-size\"><strong>Organizatorzy, wsp\u00f3\u0142organizatorzy<\/strong><br><\/p>\n\n\n\n<p class=\"has-text-align-center has-small-font-size\"><strong>Operator wydarzenia<\/strong><\/p>\n\n\n\n<p class=\"has-text-align-center has-small-font-size\"><a rel=\"noreferrer noopener\" href=\"http:\/\/www.sandomierka.pl\" target=\"_blank\"><img loading=\"lazy\" decoding=\"async\" width=\"100\" height=\"100\" class=\"wp-image-312\" style=\"width: 100px;\" src=\"https:\/\/orderwisly.pl\/wp-content\/uploads\/2023\/01\/Fundacja-Sandomierka-raster-scaled.jpeg\" alt=\"\" srcset=\"https:\/\/orderwisly.pl\/wp-content\/uploads\/2023\/01\/Fundacja-Sandomierka-raster-scaled.jpeg 2560w, https:\/\/orderwisly.pl\/wp-content\/uploads\/2023\/01\/Fundacja-Sandomierka-raster-300x300.jpeg 300w, https:\/\/orderwisly.pl\/wp-content\/uploads\/2023\/01\/Fundacja-Sandomierka-raster-1024x1024.jpeg 1024w, https:\/\/orderwisly.pl\/wp-content\/uploads\/2023\/01\/Fundacja-Sandomierka-raster-150x150.jpeg 150w, https:\/\/orderwisly.pl\/wp-content\/uploads\/2023\/01\/Fundacja-Sandomierka-raster-768x768.jpeg 768w, https:\/\/orderwisly.pl\/wp-content\/uploads\/2023\/01\/Fundacja-Sandomierka-raster-1536x1536.jpeg 1536w, https:\/\/orderwisly.pl\/wp-content\/uploads\/2023\/01\/Fundacja-Sandomierka-raster-2048x2048.jpeg 2048w, https:\/\/orderwisly.pl\/wp-content\/uploads\/2023\/01\/Fundacja-Sandomierka-raster-960x960.jpeg 960w\" sizes=\"auto, (max-width: 100px) 100vw, 100px\" \/><\/a><br><strong>Wsp\u00f3\u0142organizatorzy<\/strong><br><a rel=\"noreferrer noopener\" href=\"http:\/\/www.zamek-sandomierz.pl\/\" target=\"_blank\"><img loading=\"lazy\" decoding=\"async\" width=\"106\" height=\"106\" class=\"wp-image-308\" style=\"width: 106px;\" src=\"https:\/\/orderwisly.pl\/wp-content\/uploads\/2023\/01\/mz_logo_braz_2022.jpg\" alt=\"\" srcset=\"https:\/\/orderwisly.pl\/wp-content\/uploads\/2023\/01\/mz_logo_braz_2022.jpg 474w, https:\/\/orderwisly.pl\/wp-content\/uploads\/2023\/01\/mz_logo_braz_2022-300x300.jpg 300w, https:\/\/orderwisly.pl\/wp-content\/uploads\/2023\/01\/mz_logo_braz_2022-150x150.jpg 150w\" sizes=\"auto, (max-width: 106px) 100vw, 106px\" \/><\/a>         <img loading=\"lazy\" decoding=\"async\" width=\"111\" height=\"115\" class=\"wp-image-96\" style=\"width: 111px;\" src=\"https:\/\/orderwisly.pl\/wp-content\/uploads\/2020\/01\/logo-kapitu\u0142a-ORW.jpg\" alt=\"\" srcset=\"https:\/\/orderwisly.pl\/wp-content\/uploads\/2020\/01\/logo-kapitu\u0142a-ORW.jpg 400w, https:\/\/orderwisly.pl\/wp-content\/uploads\/2020\/01\/logo-kapitu\u0142a-ORW-291x300.jpg 291w\" sizes=\"auto, (max-width: 111px) 100vw, 111px\" \/>    <a rel=\"noreferrer noopener\" href=\"https:\/\/sandomierskie.travel\/pl\" target=\"_blank\"><img loading=\"lazy\" decoding=\"async\" width=\"141\" height=\"106\" class=\"wp-image-419\" style=\"width: 141px;\" src=\"https:\/\/orderwisly.pl\/wp-content\/uploads\/2023\/02\/Sandomierskie-1.jpg\" alt=\"\" srcset=\"https:\/\/orderwisly.pl\/wp-content\/uploads\/2023\/02\/Sandomierskie-1.jpg 972w, https:\/\/orderwisly.pl\/wp-content\/uploads\/2023\/02\/Sandomierskie-1-300x225.jpg 300w, https:\/\/orderwisly.pl\/wp-content\/uploads\/2023\/02\/Sandomierskie-1-768x577.jpg 768w, https:\/\/orderwisly.pl\/wp-content\/uploads\/2023\/02\/Sandomierskie-1-960x721.jpg 960w\" sizes=\"auto, (max-width: 141px) 100vw, 141px\" \/><\/a><\/p>\n\n\n\n<p class=\"has-text-align-center has-small-font-size\">Aleksandra Rutkowska, Jacek Marczewski, Andrzej \u0141ada, Adam Robak<\/p>\n\n\n\n<p class=\"has-text-align-center has-medium-font-size\"><strong>Gospodarze V Gali Orderu Rzeki Wis\u0142y<\/strong><\/p>\n\n\n\n<p class=\"has-text-align-center has-small-font-size\">Sylwia Rybacka, Grzegorz \u015awitalski<\/p>\n","protected":false},"excerpt":{"rendered":"<p>Szanowni Pa\u0144stwo,Jeste\u015bmy dumni, \u017ce rokrocznie mo\u017cemy liczy\u0107 na Pa\u0144stwa wsparcie, \u017ce zawieramy nowe partnerstwa i razem realizujemy idee zwi\u0105zane z tradycj\u0105 Rzeki Wis\u0142y. Zapraszamy ka\u017cdego, kto chcia\u0142by pom\u00f3c w naszej oddolnej, apolitycznej inicjatywie nagradzania najbardziej zas\u0142u\u017conych w zakresie promocji tradycji wi\u015blanych, \u017ceglugi oraz szkutnictwa. V Gala Orderu Rzeki Wis\u0142y Sandomierz 2023 Patronat honorowy Fundator Orderu <a href=\"https:\/\/orderwisly.pl\/?page_id=305\" class=\"more-link\">Czytaj dalej...<span class=\"screen-reader-text\"> \"Partnerzy V Gali\"<\/span><\/a><\/p>\n","protected":false},"author":1,"featured_media":0,"parent":0,"menu_order":0,"comment_status":"closed","ping_status":"closed","template":"","meta":{"footnotes":""},"class_list":["post-305","page","type-page","status-publish","h-entry","hentry","h-as-page"],"_links":{"self":[{"href":"https:\/\/orderwisly.pl\/index.php?rest_route=\/wp\/v2\/pages\/305","targetHints":{"allow":["GET"]}}],"collection":[{"href":"https:\/\/orderwisly.pl\/index.php?rest_route=\/wp\/v2\/pages"}],"about":[{"href":"https:\/\/orderwisly.pl\/index.php?rest_route=\/wp\/v2\/types\/page"}],"author":[{"embeddable":true,"href":"https:\/\/orderwisly.pl\/index.php?rest_route=\/wp\/v2\/users\/1"}],"replies":[{"embeddable":true,"href":"https:\/\/orderwisly.pl\/index.php?rest_route=%2Fwp%2Fv2%2Fcomments&post=305"}],"version-history":[{"count":27,"href":"https:\/\/orderwisly.pl\/index.php?rest_route=\/wp\/v2\/pages\/305\/revisions"}],"predecessor-version":[{"id":694,"href":"https:\/\/orderwisly.pl\/index.php?rest_route=\/wp\/v2\/pages\/305\/revisions\/694"}],"wp:attachment":[{"href":"https:\/\/orderwisly.pl\/index.php?rest_route=%2Fwp%2Fv2%2Fmedia&parent=305"}],"curies":[{"name":"wp","href":"https:\/\/api.w.org\/{rel}","templated":true}]}}