{"id":356,"date":"2023-01-22T16:37:08","date_gmt":"2023-01-22T16:37:08","guid":{"rendered":"https:\/\/orderwisly.pl\/?page_id=356"},"modified":"2023-01-22T16:37:08","modified_gmt":"2023-01-22T16:37:08","slug":"program-ii-gali","status":"publish","type":"page","link":"https:\/\/orderwisly.pl\/?page_id=356","title":{"rendered":"Program II Gali"},"content":{"rendered":"\n<p class=\"has-text-align-center\"><strong>Program<\/strong> <br><strong>II Gali Orderu Rzeki Wis\u0142y<\/strong><br><strong>Sandomierz 2019<\/strong><\/p>\n\n\n\n<p class=\"has-text-align-center\"><strong>Sobota, 23 lutego<\/strong><\/p>\n\n\n\n<p><strong>Godz. 10.00, Panel Szkutniczy<\/strong><br>Do dyskusji zapraszaj\u0105: Tomasz Szcz\u0119sny (Ciechocinek), Rafa\u0142 Kozio\u0142ek (Toru\u0144), Marcin Jagielski (Ciechocinek), Wojciech Wangryn (Czerwi\u0144sk), Marek Strzelichowski (Gda\u0144sk), Dominik Wichman (Nadarzyn), Mateusz Tabaka (Basonia), Adam Pokora i Tomasz Pity\u0144ski (Ulan\u00f3w nad Sanem), Wac\u0142aw Witkowski (Wielu\u0144 nad Wart\u0105), Arkadiusz Drulis (Witowice nad O\u0142awa), Stanis\u0142aw Nakoneczny (Solec nad Wis\u0142\u0105). Prowadz\u0105cy: Andrzej Sta\u0144ski.<br>\u2013 Ratusz w Sandomierzu,<\/p>\n\n\n\n<p><strong>Godz. 15.00, Msza \u015awi\u0119ta w intencji flisak\u00f3w i szkutnik\u00f3w. <\/strong>- Ko\u015bci\u00f3\u0142 pw. Nawr\u00f3cenia \u015aw. Paw\u0142a Aposto\u0142a w Sandomierzu.<\/p>\n\n\n\n<p><strong>Godz. 17.00, Uroczysto\u015b\u0107 wr\u0119czenia Orderu Rzeki Wis\u0142y. Nadanie honorowego tytu\u0142u \u201eMistrz Szkutnictwa Tradycyjnego\u201d.<\/strong> <br><strong>Otwarcie wystawy fotograficznej Jacka Marczewskiego \u201ePowidoki wi\u015blane szypra Ka\u0142u\u017cy\u201d<\/strong><br>- Zamek Kr\u00f3lewski w Sandomierzu.<\/p>\n\n\n\n<p>Godz. 21.00 <strong>- Toasty flisackie, \u201eOd Pienin a\u017c po Kaszuby\u201d.<\/strong> - Piwnica W\u0119gra Lazarczyka.<\/p>\n\n\n\n<p class=\"has-text-align-center\"><strong>Niedziela, 24 lutego<\/strong><\/p>\n\n\n\n<p><strong>Godz. 10.00, Panel dyskusyjny pt. \u201ePrzysz\u0142o\u015b\u0107 Wis\u0142y - Wis\u0142a Przysz\u0142o\u015bci\u201d.<\/strong><br>Do dyskusji zapraszaj\u0105: Miros\u0142aw Czerny, Przemys\u0142aw \u017bukowski Przemys\u0142aw Daca, Wojciech Sk\u00f3ra.<br>Prowadz\u0105cy: Waldemar Heflich. <br>- Ratusz w Sandomierzu<\/p>\n\n\n\n<p><strong>Godz. 13.15, Premiera turystycznej \u201e\u015bcie\u017cki wi\u015blanej\u201d po Sandomierzu.<\/strong> <br>- Stary Rynek (studnia obok Ratusza)<\/p>\n\n\n\n<p><strong>Spotkanie autorskie z \u201eSzamanem z Rzeki\u201d dla dzieci w ka\u017cdym wieku. <\/strong><br>- Kino Star\u00f3wka<\/p>\n","protected":false},"excerpt":{"rendered":"<p>Program II Gali Orderu Rzeki Wis\u0142ySandomierz 2019 Sobota, 23 lutego Godz. 10.00, Panel SzkutniczyDo dyskusji zapraszaj\u0105: Tomasz Szcz\u0119sny (Ciechocinek), Rafa\u0142 Kozio\u0142ek (Toru\u0144), Marcin Jagielski (Ciechocinek), Wojciech Wangryn (Czerwi\u0144sk), Marek Strzelichowski (Gda\u0144sk), Dominik Wichman (Nadarzyn), Mateusz Tabaka (Basonia), Adam Pokora i Tomasz Pity\u0144ski (Ulan\u00f3w nad Sanem), Wac\u0142aw Witkowski (Wielu\u0144 nad Wart\u0105), Arkadiusz Drulis (Witowice nad O\u0142awa), <a href=\"https:\/\/orderwisly.pl\/?page_id=356\" class=\"more-link\">Czytaj dalej...<span class=\"screen-reader-text\"> \"Program II Gali\"<\/span><\/a><\/p>\n","protected":false},"author":1,"featured_media":0,"parent":0,"menu_order":0,"comment_status":"closed","ping_status":"closed","template":"","meta":{"footnotes":""},"class_list":["post-356","page","type-page","status-publish","h-entry","hentry","h-as-page"],"_links":{"self":[{"href":"https:\/\/orderwisly.pl\/index.php?rest_route=\/wp\/v2\/pages\/356","targetHints":{"allow":["GET"]}}],"collection":[{"href":"https:\/\/orderwisly.pl\/index.php?rest_route=\/wp\/v2\/pages"}],"about":[{"href":"https:\/\/orderwisly.pl\/index.php?rest_route=\/wp\/v2\/types\/page"}],"author":[{"embeddable":true,"href":"https:\/\/orderwisly.pl\/index.php?rest_route=\/wp\/v2\/users\/1"}],"replies":[{"embeddable":true,"href":"https:\/\/orderwisly.pl\/index.php?rest_route=%2Fwp%2Fv2%2Fcomments&post=356"}],"version-history":[{"count":1,"href":"https:\/\/orderwisly.pl\/index.php?rest_route=\/wp\/v2\/pages\/356\/revisions"}],"predecessor-version":[{"id":357,"href":"https:\/\/orderwisly.pl\/index.php?rest_route=\/wp\/v2\/pages\/356\/revisions\/357"}],"wp:attachment":[{"href":"https:\/\/orderwisly.pl\/index.php?rest_route=%2Fwp%2Fv2%2Fmedia&parent=356"}],"curies":[{"name":"wp","href":"https:\/\/api.w.org\/{rel}","templated":true}]}}