{"id":363,"date":"2023-01-22T18:52:13","date_gmt":"2023-01-22T18:52:13","guid":{"rendered":"https:\/\/orderwisly.pl\/?page_id=363"},"modified":"2024-12-08T10:04:44","modified_gmt":"2024-12-08T10:04:44","slug":"zaproszenie-na-i-gale","status":"publish","type":"page","link":"https:\/\/orderwisly.pl\/?page_id=363","title":{"rendered":"Zaproszenie na I Gal\u0119"},"content":{"rendered":"\n<p>Tre\u015b\u0107 zaproszenia na pierwsz\u0105 edycj\u0119&nbsp;Gali Orderu Rzeki Wis\u0142y (2018r.)<\/p>\n\n\n\n<p><\/p>\n\n\n\n<p><strong>Gala Orderu Rzeki Wis\u0142y<\/strong><br><em><strong>\u0142<\/strong><\/em><strong>\u0105czy nas Wis<\/strong><em><strong>\u0142<\/strong><\/em><strong>a<\/strong><\/p>\n\n\n\n<p>Rok Rzeki Wis\u0142y za nami, ale to nie koniec wa\u017cnych wydarze\u0144 zwi\u0105zanych z Kr\u00f3low\u0105 Polskich Rzek. Przed nami presti\u017cowa impreza o zasi\u0119gu og\u00f3lnopolskim \u2013 Gala Orderu Rzeki Wis\u0142y, podczas kt\u00f3rej po raz pierwszy zostanie wr\u0119czony Order Rzeki Wis\u0142y.<\/p>\n\n\n\n<p>Order Rzeki Wis\u0142y \u2013 honorowe odznaczenie dla osoby najbardziej zas\u0142u\u017conej dla odtwarzania, rozwoju i popularyzacji tradycji flisackich i szkutniczych w Polsce \u2013 zostanie wr\u0119czony po raz pierwszy 24 lutego 2018 roku w Sali Rycerskiej Zamku Kr\u00f3lewskiego w Sandomierzu. Uhonorowany nim b\u0119dzie Zbigniew G\u0105sowski, za\u0142o\u017cyciel i wieloletni prezes Stowarzyszenia \u201eLoara-Wis\u0142a\u201d.<\/p>\n\n\n\n<p>Gal\u0119 Orderu Rzeki Wis\u0142y, w ramach kt\u00f3rej odb\u0119dzie si\u0119 uroczysto\u015b\u0107 wr\u0119czenia orderu, rozpocznie msza \u015bwi\u0119ta o godzinie 13, w Ko\u015bciele Nawr\u00f3cenia \u015bw. Paw\u0142a Aposto\u0142a w Sandomierzu koncelebrowana przez Biskupa Sandomierskiego ks. Krzysztofa Nitkiewicza. Ko\u015bci\u00f3\u0142 wybrany nieprzypadkowo bowiem znajduj\u0105 si\u0119 w nim relikwie \u015aw. Barbary - patronki flisak\u00f3w. Dalsze uroczysto\u015bci odb\u0119d\u0105 si\u0119 na Zamku Kr\u00f3lewskim, w Sali Rycerskiej i rozpoczn\u0105 si\u0119 o godzinie 14.00.<\/p>\n\n\n\n<p>Order Rzeki Wis\u0142y to jedyne tego typu odznaczenie w Polsce. Inicjatorem jego ustanowienia jest \u015brodowisko kultywuj\u0105ce tradycje szkutnictwa i \u017ceglugi po Wi\u015ble tradycyjnymi \u0142odziami drewnianymi. Order, wr\u0119czany corocznie, przyznaje kapitu\u0142a pod przewodnictwem retmana Mieczys\u0142awa \u0141ab\u0119ckiego.<\/p>\n\n\n\n<p>Zbigniew G\u0105sowski, za\u0142o\u017cyciel i wieloletni prezes Stowarzyszenia \u201eLoara-Wis\u0142a\u201d, kt\u00f3ry jako pierwszy zostanie uhonorowany tym zaszczytnym odznaczeniem, ma wybitne zas\u0142ugi w rozwoju tradycyjnej \u017ceglugi i szkutnictwa na Loarze i Wi\u015ble. Jest inicjatorem odtwarzania i rozwoju floty drewnianych \u0142odzi rzecznych nad Wis\u0142\u0105 i Loar\u0105, ambasadorem rzeki Wis\u0142y i \u015brodowisk wi\u015blanych we Francji. To dzi\u0119ki niemu tak znakomicie rozwijaj\u0105 si\u0119 kontakty i wsp\u00f3\u0142praca polskich flisak\u00f3w z francuskimi.<\/p>\n\n\n\n<p>Uroczysta Gala Orderu Rzeki Wis\u0142y, podczas kt\u00f3rej odznaczenie zostanie wr\u0119czone, b\u0119dzie okazj\u0105 do pierwszego w 2018 roku spotkania \u015brodowiska pasjonat\u00f3w rzeki Wis\u0142y. W ramach wydarzenia odb\u0119d\u0105 si\u0119 2 panele dyskusyjne po\u015bwi\u0119cone tradycyjnemu szkutnictwu wi\u015blanemu i inicjatywie odbudowy tradycyjnej floty wi\u015blanej.<\/p>\n\n\n\n<p>Idea imprezy odwo\u0142uje si\u0119 do dawnych dorocznych spotka\u0144 zawodowych cech\u00f3w rzemie\u015blniczych <br>i kupieckich, g\u0142\u00f3wnie flisackich i szkutniczych, maj\u0105cych na celu podsumowanie sezonu sp\u0142awnego <br>i wsp\u00f3lne zaplanowanie kolejnego. Pomys\u0142 zorganizowania podobnego wydarzenia na skal\u0119 og\u00f3lnopolsk\u0105 powsta\u0142 z naturalnej potrzeby podsumowania Roku Rzeki Wis\u0142y 2017 \u2013 oddolnej inicjatywy spo\u0142ecznej b\u0119d\u0105cej g\u0142\u00f3wnym cz\u0142onem Spo\u0142ecznego Komitetu Obchod\u00f3w Roku Rzeki Wis\u0142y w 2017. Komitet, zyskuj\u0105c poparcie szeregu instytucji i samorz\u0105d\u00f3w doprowadzi\u0142 do przyj\u0119cia przez Sejm uchwa\u0142y ustanawiaj\u0105cej rok 2017 Rokiem Rzeki Wis\u0142y a nast\u0119pnie pe\u0142ni\u0142 kluczow\u0105 rol\u0119 w organizacji rozmaitych wydarze\u0144 i imprez kulturalnych maj\u0105cych na celu popularyzowanie tradycji wi\u015blanych w ca\u0142ym kraju. Szeroka, apolityczna koalicja fundacji, stowarzysze\u0144, armator\u00f3w tradycyjnych drewnianych \u0142odzi, \u017ceglarzy, flisak\u00f3w, pasjonat\u00f3w \u017ceglugi, historii i tradycji Kr\u00f3lowej Polskich Rzek mo\u017ce si\u0119 poszczyci\u0107 wieloma sukcesami \u2013 licznymi wsp\u00f3lnymi i indywidualnymi przedsi\u0119wzi\u0119ciami popularyzuj\u0105cymi Wis\u0142\u0119. W roku 2018 i kolejnych \u015brodowisko nadal b\u0119dzie dzia\u0142a\u0107 na rzecz jeszcze szerszej wsp\u00f3\u0142pracy w zakresie projekt\u00f3w edukacyjnych i popularyzatorskich dotycz\u0105cych historii <br>i tradycji rzeki Wis\u0142y.<\/p>\n\n\n\n<p>Gala Orderu Rzeki Wis\u0142y, odbywaj\u0105ca si\u0119 tu\u017c przed rozpocz\u0119ciem sezonu \u017ceglownego, wpisuje si\u0119 na sta\u0142e w kalendarz najwa\u017cniejszych og\u00f3lnopolskich imprez zwi\u0105zanych z Wis\u0142\u0105. Sandomierz i Ziemia Sandomierska, dzi\u0119ki doskona\u0142emu po\u0142o\u017ceniu, historycznej roli w rozwoju dobrobytu Pa\u0144stwa Polskiego oraz aktywnie dzia\u0142aj\u0105cemu \u015brodowisku pasjonat\u00f3w rzeki Wis\u0142y, s\u0105 najlepsz\u0105 lokalizacj\u0105 tego wydarzenia. Warto podkre\u015bli\u0107 fakt, i\u017c pierwsza Gala Orderu Rzeki Wis\u0142y odb\u0119dzie si\u0119 w 100 rocznic\u0119 odzyskania niepodleg\u0142o\u015bci, co nadaje tej imprezie narodowy i og\u00f3lnopolski charakter. Cho\u0107by z racji tego, \u017ce na Sandomierszczy\u017anie, jeszcze sto lat temu rzeka<\/p>\n\n\n\n<p>Wis\u0142a stanowi\u0142a trudn\u0105 do przebycia granic\u0119 pomi\u0119dzy zaborem rosyjskim i austriackim, a dzi\u015b \u0142\u0105czy Polak\u00f3w. R\u00f3wnie\u017c dlatego, rzeka Wis\u0142a jest wyj\u0105tkowym symbolem narodowym i dla ka\u017cdego Polaka stanowi synonim Niepodleg\u0142ej Polski, budz\u0105c patriotyczne i wolno\u015bciowe skojarzenia.<\/p>\n\n\n\n<p>Dla \u015brodowiska G\u00f3rnej Wis\u0142y Gala stanowi przyczynek do poszerzenia szczytnej, lokalnej dzia\u0142alno\u015bci zwi\u0105zanej z Wis\u0142\u0105 i wypromowania regionu w ca\u0142ej Polsce jako \u201ekolebki wi\u015blanego wodniactwa, szkutnictwa i flisactwa\u201d. Gala b\u0119dzie te\u017c chlubnym uzupe\u0142nieniem inicjatyw partnerstwa \u201eNap\u0119dzani Wis\u0142\u0105\u201d, w tym takich akcji jak: wiosenne i jesienne sprz\u0105tanie Wis\u0142y, wyprawy warszawskie i udzia\u0142 w obchodach Godziny \u201eW\u201d, organizacja Rejs\u00f3w Niepodleg\u0142o\u015bci (11 listopada) oraz innych aktywno\u015bci takich jak \u201eDooko\u0142a Wody Festival\u201d, czy rejsy edukacyjne \u201eSandomierk\u0105\u201d - unikatow\u0105 \u0142odzi\u0105 historyczn\u0105 typu dubas.<\/p>\n\n\n\n<p><\/p>\n\n\n\n<p><\/p>\n","protected":false},"excerpt":{"rendered":"<p>Tre\u015b\u0107 zaproszenia na pierwsz\u0105 edycj\u0119&nbsp;Gali Orderu Rzeki Wis\u0142y (2018r.) Gala Orderu Rzeki Wis\u0142y\u0142\u0105czy nas Wis\u0142a Rok Rzeki Wis\u0142y za nami, ale to nie koniec wa\u017cnych wydarze\u0144 zwi\u0105zanych z Kr\u00f3low\u0105 Polskich Rzek. Przed nami presti\u017cowa impreza o zasi\u0119gu og\u00f3lnopolskim \u2013 Gala Orderu Rzeki Wis\u0142y, podczas kt\u00f3rej po raz pierwszy zostanie wr\u0119czony Order Rzeki Wis\u0142y. Order Rzeki <a href=\"https:\/\/orderwisly.pl\/?page_id=363\" class=\"more-link\">Czytaj dalej...<span class=\"screen-reader-text\"> \"Zaproszenie na I Gal\u0119\"<\/span><\/a><\/p>\n","protected":false},"author":1,"featured_media":0,"parent":0,"menu_order":0,"comment_status":"closed","ping_status":"closed","template":"","meta":{"footnotes":""},"class_list":["post-363","page","type-page","status-publish","h-entry","hentry","h-as-page"],"_links":{"self":[{"href":"https:\/\/orderwisly.pl\/index.php?rest_route=\/wp\/v2\/pages\/363","targetHints":{"allow":["GET"]}}],"collection":[{"href":"https:\/\/orderwisly.pl\/index.php?rest_route=\/wp\/v2\/pages"}],"about":[{"href":"https:\/\/orderwisly.pl\/index.php?rest_route=\/wp\/v2\/types\/page"}],"author":[{"embeddable":true,"href":"https:\/\/orderwisly.pl\/index.php?rest_route=\/wp\/v2\/users\/1"}],"replies":[{"embeddable":true,"href":"https:\/\/orderwisly.pl\/index.php?rest_route=%2Fwp%2Fv2%2Fcomments&post=363"}],"version-history":[{"count":4,"href":"https:\/\/orderwisly.pl\/index.php?rest_route=\/wp\/v2\/pages\/363\/revisions"}],"predecessor-version":[{"id":679,"href":"https:\/\/orderwisly.pl\/index.php?rest_route=\/wp\/v2\/pages\/363\/revisions\/679"}],"wp:attachment":[{"href":"https:\/\/orderwisly.pl\/index.php?rest_route=%2Fwp%2Fv2%2Fmedia&parent=363"}],"curies":[{"name":"wp","href":"https:\/\/api.w.org\/{rel}","templated":true}]}}