{"id":366,"date":"2023-01-22T18:54:58","date_gmt":"2023-01-22T18:54:58","guid":{"rendered":"https:\/\/orderwisly.pl\/?page_id=366"},"modified":"2023-01-22T18:54:58","modified_gmt":"2023-01-22T18:54:58","slug":"zaproszenie-na-ii-gale","status":"publish","type":"page","link":"https:\/\/orderwisly.pl\/?page_id=366","title":{"rendered":"Zaproszenie na II Gal\u0119"},"content":{"rendered":"\n<p class=\"has-text-align-center\"><strong>II Gala Orderu Rzeki Wis\u0142y<\/strong><br><strong>Sandomierz, 23-24 luty 2019 r.<\/strong><\/p>\n\n\n\n<p class=\"has-small-font-size\">Kolejny rok na rzece Wi\u015ble za nami. Obfitowa\u0142 on w wiele niezwyk\u0142ych wydarze\u0144 zwi\u0105zanych z Kr\u00f3low\u0105 Polskich Rzek, najcz\u0119\u015bciej w kontek\u015bcie Setnej Rocznicy Odzyskania Niepodleg\u0142o\u015bci przez Rzeczpospolit\u0105 Polsk\u0105. Przed nami druga ju\u017c, niezwykle wa\u017cna i presti\u017cowa impreza o zasi\u0119gu og\u00f3lnopolskim \u2013 <strong>Gala Orderu Rzeki Wis\u0142y<\/strong>, podczas kt\u00f3rej zostanie wr\u0119czony Order Rzeki Wis\u0142y.<\/p>\n\n\n\n<p class=\"has-small-font-size\">Order Rzeki Wis\u0142y \u2013 honorowe odznaczenie dla osoby najbardziej zas\u0142u\u017conej dla odtwarzania, rozwoju i popularyzacji tradycji flisackich i szkutniczych w Polsce \u2013&nbsp; wr\u0119czony zosta\u0142 po raz pierwszy 23 lutego 2018 roku w Sali Rycerskiej Zamku Kr\u00f3lewskiego w Sandomierzu. <strong>Uhonorowany nim zosta\u0142 Zbigniew G\u0105sowski<\/strong>, za\u0142o\u017cyciel i wieloletni prezes Stowarzyszenia \u201eLoara-Wis\u0142a\u201d.&nbsp;<\/p>\n\n\n\n<p class=\"has-small-font-size\">Inicjatorem ustanowienia Orderu jest \u015brodowisko kultywuj\u0105ce tradycje szkutnictwa i \u017ceglugi po Wi\u015ble tradycyjnymi \u0142odziami drewnianymi. Idea imprezy odwo\u0142uje si\u0119 do dawnych dorocznych spotka\u0144 zawodowych cech\u00f3w rzemie\u015blniczych i kupieckich, g\u0142\u00f3wnie flisackich i szkutniczych, maj\u0105cych na celu podsumowanie sezonu sp\u0142awnego i wsp\u00f3lne zaplanowanie kolejnego. Order wr\u0119czany corocznie, przyznaje kapitu\u0142a pod przewodnictwem pomys\u0142odawcy odznaczenia, retmana flisackiego, nauczyciela i popularyzatora polskich tradycji wodniackich Mieczys\u0142awa \u0141ab\u0119ckiego.<\/p>\n\n\n\n<p class=\"has-small-font-size\">Uroczysta Gala Orderu Rzeki Wis\u0142y, podczas kt\u00f3rej zostanie wr\u0119czone odznaczenie, b\u0119dzie okazj\u0105 do pierwszego w 2019 roku spotkania \u015brodowiska pasjonat\u00f3w rzeki Wis\u0142y. W ramach wydarzenia nast\u0105pi podsumowanie kolejnego, niezwyk\u0142ego roku wi\u015blanego ale przede wszystkim odb\u0119d\u0105 si\u0119 spotkania i panele dyskusyjne po\u015bwi\u0119cone rzece Wi\u015ble oraz tradycyjnemu szkutnictwu wi\u015blanemu. Miejsce i czas Wydarzenia powoduje, i\u017c sandomierska Gala Orderu Rzeki Wis\u0142y wpisuje si\u0119 na sta\u0142e w kalendarz najwa\u017cniejszych og\u00f3lnopolskich imprez zwi\u0105zanych z Wis\u0142\u0105. Dlatego udzia\u0142 w tej imprezie jest tak wa\u017cny dla ludzi i instytucji zwi\u0105zanych z odbudow\u0105 i rozwojem szkutnictwa oraz flisactwa oraz wszystkich zainteresowanych w prawid\u0142owym zagospodarowaniu zasob\u00f3w polskich rzek z Wis\u0142\u0105 na czele.<\/p>\n\n\n\n<p class=\"has-small-font-size\">Tegoroczna edycja Gali obfitowa\u0107 b\u0119dzie w szereg unikatowych i pionierskich wydarze\u0144. Na szczeg\u00f3ln\u0105 uwag\u0119 zas\u0142uguj\u0105 planowane panele szkutnicze, kt\u00f3rymi rozpoczyna si\u0119 oficjalnie II Gala Orderu Rzeki Wis\u0142y. W sandomierskim Ratuszu&nbsp; ka\u017cdy zainteresowany tradycjami rzemie\u015blniczymi, r\u00f3wnie\u017c tymi, zwi\u0105zanymi z gin\u0105cymi zawodami, b\u0119dzie m\u00f3g\u0142 pozyska\u0107 pomoc w kultywowaniu kilku z nich. Panele Szkutnicze odb\u0119d\u0105 si\u0119 23 lutego w godzinach 10.00 \u2013 13.00. Omawiane na spotkaniach zagadnienia dotyczy\u0142y b\u0119d\u0105: takielunku,&nbsp; konserwacji powierzchni oraz sposob\u00f3w zabudowy pok\u0142adu tradycyjnych jednostek wi\u015blanych. Zarejestrowany w trakcie paneli materia\u0142 b\u0119dzie s\u0142u\u017cy\u0142 do wydania Zeszyt\u00f3w Szkutniczych.&nbsp;<\/p>\n\n\n\n<p class=\"has-small-font-size\">W trakcie uroczysto\u015bci wr\u0119czenia Orderu Rzeki Wis\u0142y b\u0119dziemy r\u00f3wnie\u017c \u015bwiadkami pierwszego w historii wyr\u00f3\u017cnienia do kt\u00f3rego pretenduj\u0105 wy\u0142\u0105cznie szkutnicy ludowi z naszego kraju. Mistrz Szkutnictwa Tradycyjnego \u2013 to tytu\u0142 przyznawany wy\u0142\u0105cznie przez armator\u00f3w i u\u017cytkownik\u00f3w tradycyjnych \u0142odzi rzecznych. Bezpo\u015brednio po Gali b\u0119dziemy \u015bwiadkami otwarcia wernisa\u017cu niezwyk\u0142ych fotografii wi\u015blanych autorstwa Jacka Marczewskiego. Wystawa zatytu\u0142owana \u201ePowidoki wi\u015blane szypra Ka\u0142u\u017cy\u201d prezentuje 40 poetyckich obraz\u00f3w Wis\u0142y i ludzi rzeki. W 2019 r. b\u0119dzie mo\u017cna j\u0105 obejrze\u0107 w kilkunastu nadwi\u015bla\u0144skich miastach i miejscowo\u015bciach oraz w Orleanie na Festiwalu Loary, najwi\u0119kszym europejskim festiwalu tradycyjnych \u0142odzi i statk\u00f3w rzecznych. Premiera wystawy b\u0119dzie mia\u0142a miejsce na Zamku Kazimierzowskim w&nbsp; Sandomierzu.<\/p>\n\n\n\n<p class=\"has-small-font-size\">Spore emocje budzi niedzielny panel, kt\u00f3ry w 2019 r. nosi tytu\u0142 \u201ePrzysz\u0142o\u015b\u0107 Wis\u0142y, Wis\u0142a przysz\u0142o\u015bci\u201d. Spotkanie ma na celu przedstawienie kompendium wiedzy na temat wsp\u00f3\u0142czesnej Wis\u0142y, pomys\u0142\u00f3w na ni\u0105 i ich realizacji. Zapraszamy do udzia\u0142u zar\u00f3wno przedstawicieli miast i gmin nadwi\u015bla\u0144skich, szkutnik\u00f3w, flisak\u00f3w ale r\u00f3wnie\u017c regionalist\u00f3w i przyrodnik\u00f3w. Mamy nadziej\u0119, \u017ce dyskusje dostarcz\u0105 pomys\u0142\u00f3w do rozwoju powi\u015bla z nale\u017cytym poszanowaniem Wis\u0142y i tego wszystkiego, w czym ta niezwyk\u0142a rzeka jest dla ka\u017cdego z nas tak wa\u017cna.<\/p>\n\n\n\n<p class=\"has-small-font-size\">R\u00f3wnie\u017c w niedziel\u0119, wszyscy uczestnicy b\u0119d\u0105 mogli wzi\u0105\u0107 udzia\u0142 w premierze \u015bcie\u017cki turystycznej pt. \u201eWi\u015blanym szlakiem po Sandomierzu\u201d. Nie ka\u017cdy wie jakie historie wi\u015blane opowiadaj\u0105 nam poszczeg\u00f3lne zabytki Sandomierza. Wielu z tych, kt\u00f3rym historia prastarego grodu nie jest obca, b\u0119dzie zaskoczonych ciekawostkami zwi\u0105zanymi czy to z histori\u0105 ratownictwa wodnego, czy flisactwem i zwi\u0105zanym z nim kupiectwem. Klimatu dla zwiedzania Sandomierza dostarcz\u0105 przebudzone ze snu tradycyjne wi\u015blane pych\u00f3wki, kt\u00f3re na kr\u00f3tki czas zagoszcz\u0105 na sandomierskim Starym Rynku.&nbsp;<\/p>\n\n\n\n<p class=\"has-small-font-size\">W ramach dodatkowych atrakcji proponujemy kolejne spotkanie z \u201eSzamanem z Rzeki\u201d. B\u0119dzie to autorska prezentacja opowiada\u0144 po\u0142\u0105czona z czytaniem wybranych fragment\u00f3w oraz tw\u00f3rcz\u0105 improwizacj\u0105 w zakresie opowiadania bajek. Jednym s\u0142owem, szykuje si\u0119 nie lada atrakcj\u0105 dla najm\u0142odszych, kt\u00f3rzy opr\u00f3cz poznania historii i bohater\u00f3w ba\u015bniowego \u015bwiata rzeki Wis\u0142y b\u0119d\u0105 mogli rozwin\u0105\u0107 si\u0119 tw\u00f3rczo. Na deser zostanie zaserwowana sandomierska kolorowanka wi\u015blana.<\/p>\n\n\n\n<p class=\"has-small-font-size\">Dla \u015brodowiska G\u00f3rnej Wis\u0142y, Sandomierza i Ziemi Sandomierskiej Gala stanowi przyczynek do poszerzenia szczytnej, lokalnej dzia\u0142alno\u015bci zwi\u0105zanej z Wis\u0142\u0105 i wypromowania regionu w ca\u0142ej Polsce jako \u201ekolebki wi\u015blanego wodniactwa, szkutnictwa i flisactwa\u201d. Gala b\u0119dzie te\u017c chlubnym uzupe\u0142nieniem inicjatyw partnerstwa \u201eNap\u0119dzani Wis\u0142\u0105\u201d, w tym takich akcji jak: wiosenne i jesienne sprz\u0105tanie Wis\u0142y, wyprawy warszawskie i udzia\u0142 w obchodach Godziny \u201eW\u201d, organizacja Rejs\u00f3w Niepodleg\u0142o\u015bci (11 listopada) oraz innych pionierskich wydarze\u0144 takich jak \u201eDooko\u0142a Wody Festival\u201d, czy rejsy edukacyjne \u201eSandomierk\u0105\u201d - unikatow\u0105 \u0142odzi\u0105 historyczn\u0105 typu dubas.<\/p>\n","protected":false},"excerpt":{"rendered":"<p>II Gala Orderu Rzeki Wis\u0142ySandomierz, 23-24 luty 2019 r. Kolejny rok na rzece Wi\u015ble za nami. Obfitowa\u0142 on w wiele niezwyk\u0142ych wydarze\u0144 zwi\u0105zanych z Kr\u00f3low\u0105 Polskich Rzek, najcz\u0119\u015bciej w kontek\u015bcie Setnej Rocznicy Odzyskania Niepodleg\u0142o\u015bci przez Rzeczpospolit\u0105 Polsk\u0105. Przed nami druga ju\u017c, niezwykle wa\u017cna i presti\u017cowa impreza o zasi\u0119gu og\u00f3lnopolskim \u2013 Gala Orderu Rzeki Wis\u0142y, podczas <a href=\"https:\/\/orderwisly.pl\/?page_id=366\" class=\"more-link\">Czytaj dalej...<span class=\"screen-reader-text\"> \"Zaproszenie na II Gal\u0119\"<\/span><\/a><\/p>\n","protected":false},"author":1,"featured_media":0,"parent":0,"menu_order":0,"comment_status":"closed","ping_status":"closed","template":"","meta":{"footnotes":""},"class_list":["post-366","page","type-page","status-publish","h-entry","hentry","h-as-page"],"_links":{"self":[{"href":"https:\/\/orderwisly.pl\/index.php?rest_route=\/wp\/v2\/pages\/366","targetHints":{"allow":["GET"]}}],"collection":[{"href":"https:\/\/orderwisly.pl\/index.php?rest_route=\/wp\/v2\/pages"}],"about":[{"href":"https:\/\/orderwisly.pl\/index.php?rest_route=\/wp\/v2\/types\/page"}],"author":[{"embeddable":true,"href":"https:\/\/orderwisly.pl\/index.php?rest_route=\/wp\/v2\/users\/1"}],"replies":[{"embeddable":true,"href":"https:\/\/orderwisly.pl\/index.php?rest_route=%2Fwp%2Fv2%2Fcomments&post=366"}],"version-history":[{"count":1,"href":"https:\/\/orderwisly.pl\/index.php?rest_route=\/wp\/v2\/pages\/366\/revisions"}],"predecessor-version":[{"id":367,"href":"https:\/\/orderwisly.pl\/index.php?rest_route=\/wp\/v2\/pages\/366\/revisions\/367"}],"wp:attachment":[{"href":"https:\/\/orderwisly.pl\/index.php?rest_route=%2Fwp%2Fv2%2Fmedia&parent=366"}],"curies":[{"name":"wp","href":"https:\/\/api.w.org\/{rel}","templated":true}]}}