{"id":386,"date":"2023-02-01T09:44:13","date_gmt":"2023-02-01T09:44:13","guid":{"rendered":"https:\/\/orderwisly.pl\/?page_id=386"},"modified":"2023-02-14T15:25:54","modified_gmt":"2023-02-14T15:25:54","slug":"herby-gali","status":"publish","type":"page","link":"https:\/\/orderwisly.pl\/?page_id=386","title":{"rendered":"Herby i logotypy Gali"},"content":{"rendered":"\n<div class=\"wp-block-group\"><div class=\"wp-block-group__inner-container is-layout-constrained wp-block-group-is-layout-constrained\">\n<figure class=\"wp-block-image size-full is-resized\"><a href=\"https:\/\/orderwisly.pl\/wp-content\/uploads\/2023\/02\/logo-gala-czaple.jpg\"><img loading=\"lazy\" decoding=\"async\" src=\"https:\/\/orderwisly.pl\/wp-content\/uploads\/2023\/02\/logo-gala-czaple.jpg\" alt=\"\" class=\"wp-image-385\" width=\"264\" height=\"126\" srcset=\"https:\/\/orderwisly.pl\/wp-content\/uploads\/2023\/02\/logo-gala-czaple.jpg 690w, https:\/\/orderwisly.pl\/wp-content\/uploads\/2023\/02\/logo-gala-czaple-300x143.jpg 300w\" sizes=\"auto, (max-width: 264px) 100vw, 264px\" \/><\/a><figcaption class=\"wp-element-caption\">JPG<\/figcaption><\/figure>\n\n\n\n<figure class=\"wp-block-image size-full is-resized\"><a href=\"https:\/\/orderwisly.pl\/wp-content\/uploads\/2020\/02\/logo-gali-okragle.jpg\"><img loading=\"lazy\" decoding=\"async\" src=\"https:\/\/orderwisly.pl\/wp-content\/uploads\/2020\/02\/logo-gali-okragle.jpg\" alt=\"\" class=\"wp-image-166\" width=\"240\" height=\"232\" srcset=\"https:\/\/orderwisly.pl\/wp-content\/uploads\/2020\/02\/logo-gali-okragle.jpg 537w, https:\/\/orderwisly.pl\/wp-content\/uploads\/2020\/02\/logo-gali-okragle-300x289.jpg 300w\" sizes=\"auto, (max-width: 240px) 100vw, 240px\" \/><\/a><figcaption class=\"wp-element-caption\">JPG<\/figcaption><\/figure>\n<\/div><\/div>\n\n\n\n<p class=\"has-small-font-size\">Zbi\u00f3r motyw\u00f3w, herb\u00f3w i logotyp\u00f3w Gali Orderu Rzeki Wis\u0142y oraz Kapitu\u0142y Orderu Rzeki Wis\u0142y (<a href=\"http:\/\/www.orderwisly.pl\/GORW-ksiega-znaku.pdf\" data-type=\"URL\" data-id=\"http:\/\/www.orderwisly.pl\/GORW-ksiega-znaku.pdf\">du\u017cy plik PDF<\/a>)<\/p>\n","protected":false},"excerpt":{"rendered":"<p>Zbi\u00f3r motyw\u00f3w, herb\u00f3w i logotyp\u00f3w Gali Orderu Rzeki Wis\u0142y oraz Kapitu\u0142y Orderu Rzeki Wis\u0142y (du\u017cy plik PDF)<\/p>\n","protected":false},"author":1,"featured_media":0,"parent":0,"menu_order":0,"comment_status":"closed","ping_status":"closed","template":"","meta":{"footnotes":""},"class_list":["post-386","page","type-page","status-publish","h-entry","hentry","h-as-page"],"_links":{"self":[{"href":"https:\/\/orderwisly.pl\/index.php?rest_route=\/wp\/v2\/pages\/386","targetHints":{"allow":["GET"]}}],"collection":[{"href":"https:\/\/orderwisly.pl\/index.php?rest_route=\/wp\/v2\/pages"}],"about":[{"href":"https:\/\/orderwisly.pl\/index.php?rest_route=\/wp\/v2\/types\/page"}],"author":[{"embeddable":true,"href":"https:\/\/orderwisly.pl\/index.php?rest_route=\/wp\/v2\/users\/1"}],"replies":[{"embeddable":true,"href":"https:\/\/orderwisly.pl\/index.php?rest_route=%2Fwp%2Fv2%2Fcomments&post=386"}],"version-history":[{"count":3,"href":"https:\/\/orderwisly.pl\/index.php?rest_route=\/wp\/v2\/pages\/386\/revisions"}],"predecessor-version":[{"id":392,"href":"https:\/\/orderwisly.pl\/index.php?rest_route=\/wp\/v2\/pages\/386\/revisions\/392"}],"wp:attachment":[{"href":"https:\/\/orderwisly.pl\/index.php?rest_route=%2Fwp%2Fv2%2Fmedia&parent=386"}],"curies":[{"name":"wp","href":"https:\/\/api.w.org\/{rel}","templated":true}]}}