{"id":431,"date":"2023-02-16T23:44:46","date_gmt":"2023-02-16T23:44:46","guid":{"rendered":"https:\/\/orderwisly.pl\/?page_id=431"},"modified":"2023-02-17T00:38:54","modified_gmt":"2023-02-17T00:38:54","slug":"prelekcje-wislane-konteksty","status":"publish","type":"page","link":"https:\/\/orderwisly.pl\/?page_id=431","title":{"rendered":"Prelekcje. Wi\u015blane konteksty"},"content":{"rendered":"\n<p class=\"has-text-align-center has-medium-font-size\">Prelekcje \"Wi\u015blane konteksty<br>Tradycja. Nauka. Przyroda. Sztuka\u201d<\/p>\n\n\n\n<p><\/p>\n\n\n\n<p class=\"has-text-align-center has-medium-font-size\">Wydarzenie towarzysz\u0105ce <br>V Gali Orderu Rzeki Wis\u0142y<br>Sandomierz 18-19.02.2023<\/p>\n\n\n\n<p class=\"has-text-align-center has-small-font-size\">Niedziela, 19 lutego, godz. 10.00<br>Sala Bordowa w Hotelu Basztowym w Sandomierzu<\/p>\n\n\n\n<p class=\"has-text-align-center has-medium-font-size\">W programie:<\/p>\n\n\n\n<p class=\"has-text-align-center has-medium-font-size\"><br><em>Ja si\u0119 tylko ucz\u0119, poznaj\u0119 i za ka\u017cdym razem odkrywam. <\/em><br><em>Warsztat Pana Tosza<\/em><\/p>\n\n\n\n<p class=\"has-text-align-center has-small-font-size\">Jadwiga Klim, Dzia\u0142 Historii \u017beglugi \u015ar\u00f3dl\u0105dowej, Narodowe Muzeum Morskie w Gda\u0144sku, Muzeum Wis\u0142y w Tczewie<\/p>\n\n\n\n<p class=\"has-text-align-center has-medium-font-size\"><em>Bez wody nie ma rzeki. <\/em><br><em>Wis\u0142a - najwi\u0119ksza zlewnia w Polsce<\/em><\/p>\n\n\n\n<p class=\"has-text-align-center has-small-font-size\">Artur Furdyna \u2013 hydrobiolog, ekolog w\u00f3d p\u0142yn\u0105cych, Magdalena Urlich, Fundacja \u201eDzika Delta Odry\u201d<\/p>\n\n\n\n<p class=\"has-text-align-center has-medium-font-size\"><em>Siostry Rzeki.<br>Ekologiczna tw\u00f3rczo\u015b\u0107 artystyczna<\/em><\/p>\n\n\n\n<p class=\"has-text-align-center has-small-font-size\">Cecylia Malik, Monika Tomaszewska<\/p>\n\n\n\n<p class=\"has-text-align-center has-medium-font-size\"><em>Tradycje flisackie.<br>Niematerialne Dziedzictwo Kulturowe Ludzko\u015bci UNESCO<\/em><\/p>\n\n\n\n<p class=\"has-text-align-center has-small-font-size\">Roman Pokora, Fundacja Flisactwa Polskiego<br>Tomasz Skiba, Jerzy Pachla, Bractwo Flisackie pw. \u015bw. Barbary w Ulanowie<\/p>\n","protected":false},"excerpt":{"rendered":"<p>Prelekcje \"Wi\u015blane kontekstyTradycja. Nauka. Przyroda. Sztuka\u201d Wydarzenie towarzysz\u0105ce V Gali Orderu Rzeki Wis\u0142ySandomierz 18-19.02.2023 Niedziela, 19 lutego, godz. 10.00Sala Bordowa w Hotelu Basztowym w Sandomierzu W programie: Ja si\u0119 tylko ucz\u0119, poznaj\u0119 i za ka\u017cdym razem odkrywam. Warsztat Pana Tosza Jadwiga Klim, Dzia\u0142 Historii \u017beglugi \u015ar\u00f3dl\u0105dowej, Narodowe Muzeum Morskie w Gda\u0144sku, Muzeum Wis\u0142y w Tczewie <a href=\"https:\/\/orderwisly.pl\/?page_id=431\" class=\"more-link\">Czytaj dalej...<span class=\"screen-reader-text\"> \"Prelekcje. Wi\u015blane konteksty\"<\/span><\/a><\/p>\n","protected":false},"author":1,"featured_media":0,"parent":0,"menu_order":0,"comment_status":"closed","ping_status":"closed","template":"","meta":{"footnotes":""},"class_list":["post-431","page","type-page","status-publish","h-entry","hentry","h-as-page"],"_links":{"self":[{"href":"https:\/\/orderwisly.pl\/index.php?rest_route=\/wp\/v2\/pages\/431","targetHints":{"allow":["GET"]}}],"collection":[{"href":"https:\/\/orderwisly.pl\/index.php?rest_route=\/wp\/v2\/pages"}],"about":[{"href":"https:\/\/orderwisly.pl\/index.php?rest_route=\/wp\/v2\/types\/page"}],"author":[{"embeddable":true,"href":"https:\/\/orderwisly.pl\/index.php?rest_route=\/wp\/v2\/users\/1"}],"replies":[{"embeddable":true,"href":"https:\/\/orderwisly.pl\/index.php?rest_route=%2Fwp%2Fv2%2Fcomments&post=431"}],"version-history":[{"count":4,"href":"https:\/\/orderwisly.pl\/index.php?rest_route=\/wp\/v2\/pages\/431\/revisions"}],"predecessor-version":[{"id":443,"href":"https:\/\/orderwisly.pl\/index.php?rest_route=\/wp\/v2\/pages\/431\/revisions\/443"}],"wp:attachment":[{"href":"https:\/\/orderwisly.pl\/index.php?rest_route=%2Fwp%2Fv2%2Fmedia&parent=431"}],"curies":[{"name":"wp","href":"https:\/\/api.w.org\/{rel}","templated":true}]}}