{"id":512,"date":"2024-01-29T09:56:00","date_gmt":"2024-01-29T09:56:00","guid":{"rendered":"https:\/\/orderwisly.pl\/?page_id=512"},"modified":"2024-02-14T13:52:57","modified_gmt":"2024-02-14T13:52:57","slug":"program-vi-gali","status":"publish","type":"page","link":"https:\/\/orderwisly.pl\/?page_id=512","title":{"rendered":"Program VI Gali"},"content":{"rendered":"\n<p>VI edycja Gali Orderu Rzeki Wis\u0142y odb\u0119dzie si\u0119 w dniach 16-18 lutego 2024 r.<br>Zapraszamy ch\u0119tnych do pomocy przy wsp\u00f3\u0142organizacji tego wydarzenia.<\/p>\n\n\n\n<p class=\"has-text-align-center\"><strong>Program<br>VI Gali Orderu Rzeki Wis\u0142y<br>Sandomierz 2024 r.<\/strong><\/p>\n\n\n\n<p class=\"has-small-font-size\"><strong>Pi\u0105tek, 16 lutego<\/strong><br>Godz. 18.00 - \u201eDooko\u0142a Wody Spotkanie\u201d - projekcja filmu<br>pt. \u201eDo ostatniej kropli\u201d re\u017c. Ewa Ewart, spotkanie autorskie ze wsp\u00f3\u0142tw\u00f3rcami filmu: Piotrem Niezna\u0144skim (scenariusz) i Wiktorem Strumi\u0142\u0142o (zdj\u0119cia). Spotkanie poprowadzi Grzegorz G\u0142uszak - dziennikarz \u015bledczy. - Galeria Widnokr\u0105g w Sandomierzu<\/p>\n\n\n\n<p class=\"has-small-font-size\"><strong>Sobota, 17 lutego<\/strong><br>Godz. 14.00 - \u201eWi\u015blanym szlakiem po Sandomierzu\u201d - spacer przewodnicki<br>z Markiem Juszczykiem - \u201eKotwica Tajemnica\u201d przy Ratuszu, Rynek<br>Godz. 17.00 - Msza \u015bw. w intencji flisak\u00f3w, wodniak\u00f3w, \u017ceglarzy i szkutnik\u00f3w<br>Ko\u015bci\u00f3\u0142&nbsp;pw. Nawr\u00f3cenia \u015bw. Paw\u0142a Aposto\u0142a w Sandomierzu<br>Godz. 18.00 - Uroczysty przemarsz uczestnik\u00f3w Gali z ko\u015bcio\u0142a do Zamku Spotkanie przy \"Dzwonie Flisackim\" - dzwonnica, ko\u015bci\u00f3\u0142 pw. \u015bw. Jakuba<br>Godz. 18.30 - Wernisa\u017c wystawy \u201ePo Wi\u015ble.\u201d Fotografie dawnych \u0142odzi z zak\u0142adu fotograficznego Krieger\u00f3w z Krakowa - Zamek Kr\u00f3lewski w Sandomierzu<br>Godz. 19.00 - VI Gala Orderu Rzeki Wis\u0142y, uroczysto\u015b\u0107 nadania tytu\u0142u<br>Kawalera Orderu Rzeki Wis\u0142y Zdzis\u0142awowi Go\u0142dzie<br>Zamek Kr\u00f3lewski w Sandomierzu<br>Godz. 21.00 - \u201eFlisackie bajania - mniej oficjalne spotkanie wodniak\u00f3w\u201d<br>Piwnica W\u0119gra Lazarczyka, Hotel i Restauracja pod Ci\u017cemk\u0105<\/p>\n\n\n\n<p class=\"has-small-font-size\"><strong>Niedziela, 18 lutego<\/strong><br>Godz. 10.00 - Prelekcje \u201eWi\u015blane Konteksty. Tradycja. Nauka. Przyroda. Sztuka.\u201d<br>Sala wyk\u0142adowa w Hotelu Basztowym<br>w programie:<br>- <em>\u017bywe dziedzictwo - ochrona niematerialnego dziedzictwa kulturowego. Wpis elementu na list\u0119 UNESCO \u2013 zagro\u017cenia i zobowi\u0105zania depozytariuszy.<\/em> \/ Joanna Cicha-Kuczy\u0144ska, Radca ds. UNESCO, Departament Ochrony Zabytk\u00f3w, Ministerstwo Kultury i Dziedzictwa Narodowego.<br>- <em>Przysta\u0144 Muzeum Krakowa.<\/em> \/ Mateusz Niemiec, Muzeum Krakowa<br>- <em>Refleksje z Flisu V Orderu Rzeki Wis\u0142y. <\/em>\/ Jacek Marczewski, Stra\u017cnik V Orderu Rzeki Wis\u0142y<\/p>\n\n\n\n<p>Wspieraj\u0105 nas - zobacz <a href=\"https:\/\/orderwisly.pl\/?page_id=516\" data-type=\"link\" data-id=\"https:\/\/orderwisly.pl\/?page_id=516\">aktualn\u0105 list\u0119 partner\u00f3w<\/a><\/p>\n","protected":false},"excerpt":{"rendered":"<p>VI edycja Gali Orderu Rzeki Wis\u0142y odb\u0119dzie si\u0119 w dniach 16-18 lutego 2024 r.Zapraszamy ch\u0119tnych do pomocy przy wsp\u00f3\u0142organizacji tego wydarzenia. ProgramVI Gali Orderu Rzeki Wis\u0142ySandomierz 2024 r. Pi\u0105tek, 16 lutegoGodz. 18.00 - \u201eDooko\u0142a Wody Spotkanie\u201d - projekcja filmupt. \u201eDo ostatniej kropli\u201d re\u017c. Ewa Ewart, spotkanie autorskie ze wsp\u00f3\u0142tw\u00f3rcami filmu: Piotrem Niezna\u0144skim (scenariusz) i Wiktorem <a href=\"https:\/\/orderwisly.pl\/?page_id=512\" class=\"more-link\">Czytaj dalej...<span class=\"screen-reader-text\"> \"Program VI Gali\"<\/span><\/a><\/p>\n","protected":false},"author":1,"featured_media":0,"parent":0,"menu_order":0,"comment_status":"closed","ping_status":"closed","template":"","meta":{"footnotes":""},"class_list":["post-512","page","type-page","status-publish","h-entry","hentry","h-as-page"],"_links":{"self":[{"href":"https:\/\/orderwisly.pl\/index.php?rest_route=\/wp\/v2\/pages\/512","targetHints":{"allow":["GET"]}}],"collection":[{"href":"https:\/\/orderwisly.pl\/index.php?rest_route=\/wp\/v2\/pages"}],"about":[{"href":"https:\/\/orderwisly.pl\/index.php?rest_route=\/wp\/v2\/types\/page"}],"author":[{"embeddable":true,"href":"https:\/\/orderwisly.pl\/index.php?rest_route=\/wp\/v2\/users\/1"}],"replies":[{"embeddable":true,"href":"https:\/\/orderwisly.pl\/index.php?rest_route=%2Fwp%2Fv2%2Fcomments&post=512"}],"version-history":[{"count":4,"href":"https:\/\/orderwisly.pl\/index.php?rest_route=\/wp\/v2\/pages\/512\/revisions"}],"predecessor-version":[{"id":648,"href":"https:\/\/orderwisly.pl\/index.php?rest_route=\/wp\/v2\/pages\/512\/revisions\/648"}],"wp:attachment":[{"href":"https:\/\/orderwisly.pl\/index.php?rest_route=%2Fwp%2Fv2%2Fmedia&parent=512"}],"curies":[{"name":"wp","href":"https:\/\/api.w.org\/{rel}","templated":true}]}}