{"id":66,"date":"2019-03-01T12:10:55","date_gmt":"2019-03-01T12:10:55","guid":{"rendered":"http:\/\/orderwisly.pl\/?page_id=66"},"modified":"2026-01-14T22:53:22","modified_gmt":"2026-01-14T22:53:22","slug":"kapitula-orderu","status":"publish","type":"page","link":"https:\/\/orderwisly.pl\/?page_id=66","title":{"rendered":"Kapitu\u0142a Orderu Rzeki Wis\u0142y"},"content":{"rendered":"\n<p>W sk\u0142ad Kapitu\u0142y Orderu Rzeki Wis\u0142y wchodz\u0105 <br>Dama oraz Kawalerowie Orderu Rzeki Wis\u0142y:<\/p>\n\n\n\n<p>Ewa Ciepielewska<br>Mieczys\u0142aw \u0141ab\u0119cki<br>Zdzis\u0142aw Go\u0142da<br>Grzegorz \u015awitalski<br><br><strong>Wyr\u00f3\u017cnieni tytu\u0142em Kawalera Orderu Rzeki Wis\u0142y:<\/strong><br>Jaros\u0142aw Ka\u0142u\u017ca<br>\u015bp. Zbigniew G\u0105sowski<br>\u015bp. Tomasz Szcz\u0119sny<\/p>\n","protected":false},"excerpt":{"rendered":"<p>W sk\u0142ad Kapitu\u0142y Orderu Rzeki Wis\u0142y wchodz\u0105 Dama oraz Kawalerowie Orderu Rzeki Wis\u0142y: Ewa CiepielewskaMieczys\u0142aw \u0141ab\u0119ckiZdzis\u0142aw Go\u0142daGrzegorz \u015awitalski Wyr\u00f3\u017cnieni tytu\u0142em Kawalera Orderu Rzeki Wis\u0142y:Jaros\u0142aw Ka\u0142u\u017ca\u015bp. Zbigniew G\u0105sowski\u015bp. Tomasz Szcz\u0119sny<\/p>\n","protected":false},"author":1,"featured_media":96,"parent":0,"menu_order":0,"comment_status":"closed","ping_status":"closed","template":"page-templates\/front-page.php","meta":{"footnotes":""},"class_list":["post-66","page","type-page","status-publish","has-post-thumbnail","h-entry","hentry","h-as-page"],"_links":{"self":[{"href":"https:\/\/orderwisly.pl\/index.php?rest_route=\/wp\/v2\/pages\/66","targetHints":{"allow":["GET"]}}],"collection":[{"href":"https:\/\/orderwisly.pl\/index.php?rest_route=\/wp\/v2\/pages"}],"about":[{"href":"https:\/\/orderwisly.pl\/index.php?rest_route=\/wp\/v2\/types\/page"}],"author":[{"embeddable":true,"href":"https:\/\/orderwisly.pl\/index.php?rest_route=\/wp\/v2\/users\/1"}],"replies":[{"embeddable":true,"href":"https:\/\/orderwisly.pl\/index.php?rest_route=%2Fwp%2Fv2%2Fcomments&post=66"}],"version-history":[{"count":8,"href":"https:\/\/orderwisly.pl\/index.php?rest_route=\/wp\/v2\/pages\/66\/revisions"}],"predecessor-version":[{"id":751,"href":"https:\/\/orderwisly.pl\/index.php?rest_route=\/wp\/v2\/pages\/66\/revisions\/751"}],"wp:featuredmedia":[{"embeddable":true,"href":"https:\/\/orderwisly.pl\/index.php?rest_route=\/wp\/v2\/media\/96"}],"wp:attachment":[{"href":"https:\/\/orderwisly.pl\/index.php?rest_route=%2Fwp%2Fv2%2Fmedia&parent=66"}],"curies":[{"name":"wp","href":"https:\/\/api.w.org\/{rel}","templated":true}]}}