{"id":76,"date":"2019-03-15T13:30:38","date_gmt":"2019-03-15T13:30:38","guid":{"rendered":"http:\/\/orderwisly.pl\/?page_id=76"},"modified":"2023-01-22T15:26:16","modified_gmt":"2023-01-22T15:26:16","slug":"partnerzy-gali-2018","status":"publish","type":"page","link":"https:\/\/orderwisly.pl\/?page_id=76","title":{"rendered":"Partnerzy Gali 2018"},"content":{"rendered":"\n<p class=\"has-text-align-center has-large-font-size\"><strong>I Gala Orderu Rzeki Wis\u0142y<br> Sandomierz 2018<\/strong><\/p>\n\n\n\n<p><strong>Patronat honorowy<\/strong><\/p>\n\n\n\n<p>Burmistrz Miasta Sandomierza, W\u00f3jt Gminy Zaleszany, Wicestarosta Tarnobrzeski<\/p>\n\n\n\n<p><strong>Fundatorzy Orderu Rzeki Wis\u0142y<\/strong><\/p>\n\n\n\n<p>Kopalnie Dolomitu SA, Przedsi\u0119biorcy Gminy Zaleszany, Go\u015bciniec Ko\u0107mierz\u00f3w<\/p>\n\n\n\n<p><strong>Patroni medialni<\/strong><\/p>\n\n\n\n<p>Miesi\u0119cznik \u017bagle, iTV Wis\u0142a, <\/p>\n\n\n\n<p><strong>Partnerzy<\/strong><\/p>\n\n\n\n<p>Wojew\u00f3dztwo \u015awi\u0119tokrzyskie, Wojew\u00f3dztwo Mazowieckie, Wojew\u00f3dztwo Ma\u0142opolskie, Muzeum Sportu i Turystyki w Warszawie, Sandomierskie Centrum Kultury, Grupa \u017beglugowa Kapitan Prokop, Powiat Stalowowolski, Powiat Ni\u017ca\u0144ski, Zesp\u00f3\u0142 Hambawenah, Hotel Pod Ci\u017cemk\u0105, Chor\u0105giew Rycerstwa Ziemi Sandomierskiej, Stowarzyszenie Przyjaci\u00f3\u0142 Solca F. H. U. Jap Janusz Po\u0144ski, Dooko\u0142a Wody Festival, Kr\u00f3lewski Flis na Wi\u015ble, Nap\u0119dzani Wis\u0142\u0105<\/p>\n\n\n\n<p><strong>Organizatorzy<\/strong><\/p>\n\n\n\n<p>Kapitu\u0142a Orderu Rzeki Wis\u0142y, Dubas \"Sandomierka\", Kujawsko-Dobrzy\u0144ska Organizacja Turystyczna, Aleksandra Rutkowska (Krak\u00f3w), Krzysztof Pitra (Siedleszczany), Jacek Marczewski (Warszawa), Fundacja \"Szerokie Wody\", Fundacja Fundusz Lokalny SMK<\/p>\n\n\n\n<div class=\"wp-block-group\"><div class=\"wp-block-group__inner-container is-layout-constrained wp-block-group-is-layout-constrained\">\n<p class=\"has-text-align-center\"><strong>Logotypy partner\u00f3w <\/strong><br><strong>I Gali Orderu Rzeki Wis\u0142y, Sandomierz 2018<\/strong><\/p>\n\n\n<div class=\"wp-block-image\">\n<figure class=\"aligncenter size-full\"><a href=\"https:\/\/orderwisly.pl\/wp-content\/uploads\/2023\/01\/Scianka-partnerzy.jpg\"><img loading=\"lazy\" decoding=\"async\" width=\"585\" height=\"1240\" src=\"https:\/\/orderwisly.pl\/wp-content\/uploads\/2023\/01\/Scianka-partnerzy.jpg\" alt=\"Logotypy partner\u00f3w I Gali Orderu Rzeki Wis\u0142y, Sandomierz 2018\" class=\"wp-image-340\" srcset=\"https:\/\/orderwisly.pl\/wp-content\/uploads\/2023\/01\/Scianka-partnerzy.jpg 585w, https:\/\/orderwisly.pl\/wp-content\/uploads\/2023\/01\/Scianka-partnerzy-142x300.jpg 142w, https:\/\/orderwisly.pl\/wp-content\/uploads\/2023\/01\/Scianka-partnerzy-483x1024.jpg 483w\" sizes=\"auto, (max-width: 585px) 100vw, 585px\" \/><\/a><\/figure>\n<\/div><\/div><\/div>\n","protected":false},"excerpt":{"rendered":"<p>I Gala Orderu Rzeki Wis\u0142y Sandomierz 2018 Patronat honorowy Burmistrz Miasta Sandomierza, W\u00f3jt Gminy Zaleszany, Wicestarosta Tarnobrzeski Fundatorzy Orderu Rzeki Wis\u0142y Kopalnie Dolomitu SA, Przedsi\u0119biorcy Gminy Zaleszany, Go\u015bciniec Ko\u0107mierz\u00f3w Patroni medialni Miesi\u0119cznik \u017bagle, iTV Wis\u0142a, Partnerzy Wojew\u00f3dztwo \u015awi\u0119tokrzyskie, Wojew\u00f3dztwo Mazowieckie, Wojew\u00f3dztwo Ma\u0142opolskie, Muzeum Sportu i Turystyki w Warszawie, Sandomierskie Centrum Kultury, Grupa \u017beglugowa Kapitan Prokop, <a href=\"https:\/\/orderwisly.pl\/?page_id=76\" class=\"more-link\">Czytaj dalej...<span class=\"screen-reader-text\"> \"Partnerzy Gali 2018\"<\/span><\/a><\/p>\n","protected":false},"author":1,"featured_media":0,"parent":0,"menu_order":0,"comment_status":"closed","ping_status":"closed","template":"page-templates\/full-width.php","meta":{"footnotes":""},"class_list":["post-76","page","type-page","status-publish","h-entry","hentry","h-as-page"],"_links":{"self":[{"href":"https:\/\/orderwisly.pl\/index.php?rest_route=\/wp\/v2\/pages\/76","targetHints":{"allow":["GET"]}}],"collection":[{"href":"https:\/\/orderwisly.pl\/index.php?rest_route=\/wp\/v2\/pages"}],"about":[{"href":"https:\/\/orderwisly.pl\/index.php?rest_route=\/wp\/v2\/types\/page"}],"author":[{"embeddable":true,"href":"https:\/\/orderwisly.pl\/index.php?rest_route=\/wp\/v2\/users\/1"}],"replies":[{"embeddable":true,"href":"https:\/\/orderwisly.pl\/index.php?rest_route=%2Fwp%2Fv2%2Fcomments&post=76"}],"version-history":[{"count":3,"href":"https:\/\/orderwisly.pl\/index.php?rest_route=\/wp\/v2\/pages\/76\/revisions"}],"predecessor-version":[{"id":342,"href":"https:\/\/orderwisly.pl\/index.php?rest_route=\/wp\/v2\/pages\/76\/revisions\/342"}],"wp:attachment":[{"href":"https:\/\/orderwisly.pl\/index.php?rest_route=%2Fwp%2Fv2%2Fmedia&parent=76"}],"curies":[{"name":"wp","href":"https:\/\/api.w.org\/{rel}","templated":true}]}}